{"id":84908,"date":"2019-08-25T00:21:16","date_gmt":"2019-08-24T22:21:16","guid":{"rendered":"https:\/\/socialdesignmagazine.com\/mag\/products-selection\/?post_type=product&#038;p=84908"},"modified":"2021-08-02T21:39:12","modified_gmt":"2021-08-02T19:39:12","slug":"lampada-a-sospensione-stchu-moon-02-o-80-cm-nerooro-by-catellani-smith","status":"publish","type":"product","link":"https:\/\/socialdesignmagazine.com\/mag\/products-selection\/product\/lampada-a-sospensione-stchu-moon-02-o-80-cm-nerooro-by-catellani-smith\/","title":{"rendered":"Lampada A Sospensione Stchu-moon 02 &#8211; \u00d8 80 cm Nero|Oro by Catellani &#038; Smith"},"content":{"rendered":"<p>Date un&#8217;atmosfera lunare alla vostra stanza, con questa originale lampada a sospensione! La cupola in alluminio nero (\u00d8 80 cm) nasconde la superficie interna irregolare, con rifinitura dorata, che ricorda la superficie di un pianeta, piena di crateri. I rilievi, inoltre, creano dei superbi giochi di luce. Dall&#8217;incontro tra l&#8217;esterno della cupola, minimal e liscio e l&#8217;interno frastagliato, nasce un sorprendente armonia luminosa. La realizzazione artigianalte di questa lampade a sospensione le rende uniche: i rilievi nell&#8217;interno della cupola sono sempre diversi! Stchu-Moon genera una luce indiretta e intensa, ma mai abbagliante. Queste lampade a sospensione sono disponibili con rifinitura interna argentata o dorata e in tre diverse dimensioni (\u00d8 40, \u00d8 60 cm e \u00d8 80 cm). All&#8217;interno del paralume, 4 piccoli cucchiai d&#8217;acciaio fungono da diffusori! Lampadine alogene a risparmio energetico (incluse): 2 x 12V Max 50W GY6,35 All&#8217;interno del paralume, 4 piccoli cucchiai d&#8217;acciaio fungono da diffusori!<\/p>\n","protected":false},"excerpt":{"rendered":"<p>Dall&#8217;incontro tra l&#8217;esterno della cupola, minimal e liscio e l&#8217;interno frastagliato, nasce un sorprendente armonia luminosa.<\/p>\n","protected":false},"featured_media":136835,"template":"","meta":{"_acf_changed":false,"jetpack_post_was_ever_published":false,"jetpack_publicize_message":"","jetpack_publicize_feature_enabled":true,"jetpack_social_post_already_shared":false,"jetpack_social_options":{"image_generator_settings":{"template":"highway","default_image_id":0,"font":"","enabled":false},"version":2}},"pwb-brand":[1511],"product_brand":[],"product_cat":[1512,607,312,314],"product_tag":[94,1201],"class_list":{"0":"post-84908","1":"product","2":"type-product","3":"status-publish","4":"has-post-thumbnail","6":"pwb-brand-catellani-smith","7":"product_cat-catellani-smith","8":"product_cat-designers","9":"product_cat-illuminazione","10":"product_cat-lampada-a-sospensione-illuminazione","11":"product_tag-lampada-a-sospensione","12":"product_tag-lampadario","13":"pa_colore-nero","14":"pa_colore-oro","15":"pa_designer-catellani-smith","16":"pa_larghezza-800-mm","17":"pa_materiale-alluminio","18":"pa_materiale-foglio-doro","19":"pa_materiale-schiuma-di-poliuretano","20":"pa_produttore-catellani-smith","21":"pa_profondita-800-mm","22":"pa_serie-stchu-moon-02","23":"pa_tipo-di-prodotto-lampada-a-sospensione","25":"first","26":"instock","27":"product-type-external"},"acf":[],"yoast_head":"<!-- This site is optimized with the Yoast SEO plugin v27.2 - https:\/\/yoast.com\/product\/yoast-seo-wordpress\/ -->\n<title>Lampada A Sospensione Stchu-moon 02 - \u00d8 80 cm Nero|Oro by Catellani &amp; Smith - SDM Product Selection<\/title>\n<meta name=\"description\" content=\"Dall&#039;incontro tra l&#039;esterno della cupola, minimal e liscio e l&#039;interno frastagliato, nasce un sorprendente armonia luminosa.\" \/>\n<meta name=\"robots\" content=\"index, follow, max-snippet:-1, max-image-preview:large, max-video-preview:-1\" \/>\n<link rel=\"canonical\" href=\"https:\/\/socialdesignmagazine.com\/mag\/products-selection\/product\/lampada-a-sospensione-stchu-moon-02-o-80-cm-nerooro-by-catellani-smith\/\" \/>\n<meta property=\"og:locale\" content=\"it_IT\" \/>\n<meta property=\"og:type\" content=\"article\" \/>\n<meta property=\"og:title\" content=\"Lampada A Sospensione Stchu-moon 02 - \u00d8 80 cm Nero|Oro by Catellani &amp; Smith - SDM Product Selection\" \/>\n<meta property=\"og:description\" content=\"Dall&#039;incontro tra l&#039;esterno della cupola, minimal e liscio e l&#039;interno frastagliato, nasce un sorprendente armonia luminosa.\" \/>\n<meta property=\"og:url\" content=\"https:\/\/socialdesignmagazine.com\/mag\/products-selection\/product\/lampada-a-sospensione-stchu-moon-02-o-80-cm-nerooro-by-catellani-smith\/\" \/>\n<meta property=\"og:site_name\" content=\"SDM Product Selection\" \/>\n<meta property=\"article:publisher\" content=\"https:\/\/www.facebook.com\/socialdesignmag\" \/>\n<meta property=\"article:modified_time\" content=\"2021-08-02T19:39:12+00:00\" \/>\n<meta property=\"og:image\" content=\"https:\/\/socialdesignmagazine.com\/mag\/products-selection\/wp-content\/uploads\/sites\/2\/2020\/12\/Lampada-A-Sospensione-Stchu-moon-02-\u00d8-80-cm-NeroOro-Catellani-Smith-Catellani-Smith.jpg\" \/>\n\t<meta property=\"og:image:width\" content=\"1379\" \/>\n\t<meta property=\"og:image:height\" content=\"1379\" \/>\n\t<meta property=\"og:image:type\" content=\"image\/jpeg\" \/>\n<meta name=\"twitter:card\" content=\"summary_large_image\" \/>\n<meta name=\"twitter:site\" content=\"@socialdesignmag\" \/>\n<meta name=\"twitter:label1\" content=\"Tempo di lettura stimato\" \/>\n\t<meta name=\"twitter:data1\" content=\"1 minuto\" \/>\n<script type=\"application\/ld+json\" class=\"yoast-schema-graph\">{\"@context\":\"https:\/\/schema.org\",\"@graph\":[{\"@type\":\"WebPage\",\"@id\":\"https:\/\/socialdesignmagazine.com\/mag\/products-selection\/product\/lampada-a-sospensione-stchu-moon-02-o-80-cm-nerooro-by-catellani-smith\/\",\"url\":\"https:\/\/socialdesignmagazine.com\/mag\/products-selection\/product\/lampada-a-sospensione-stchu-moon-02-o-80-cm-nerooro-by-catellani-smith\/\",\"name\":\"Lampada A Sospensione Stchu-moon 02 - \u00d8 80 cm Nero|Oro by Catellani & Smith - SDM Product Selection\",\"isPartOf\":{\"@id\":\"https:\/\/socialdesignmagazine.com\/mag\/products-selection\/#website\"},\"primaryImageOfPage\":{\"@id\":\"https:\/\/socialdesignmagazine.com\/mag\/products-selection\/product\/lampada-a-sospensione-stchu-moon-02-o-80-cm-nerooro-by-catellani-smith\/#primaryimage\"},\"image\":{\"@id\":\"https:\/\/socialdesignmagazine.com\/mag\/products-selection\/product\/lampada-a-sospensione-stchu-moon-02-o-80-cm-nerooro-by-catellani-smith\/#primaryimage\"},\"thumbnailUrl\":\"https:\/\/socialdesignmagazine.com\/mag\/products-selection\/wp-content\/uploads\/sites\/2\/2020\/12\/Lampada-A-Sospensione-Stchu-moon-02-\u00d8-80-cm-NeroOro-Catellani-Smith-Catellani-Smith.jpg\",\"datePublished\":\"2019-08-24T22:21:16+00:00\",\"dateModified\":\"2021-08-02T19:39:12+00:00\",\"description\":\"Dall'incontro tra l'esterno della cupola, minimal e liscio e l'interno frastagliato, nasce un sorprendente armonia luminosa.\",\"breadcrumb\":{\"@id\":\"https:\/\/socialdesignmagazine.com\/mag\/products-selection\/product\/lampada-a-sospensione-stchu-moon-02-o-80-cm-nerooro-by-catellani-smith\/#breadcrumb\"},\"inLanguage\":\"it-IT\",\"potentialAction\":[{\"@type\":\"ReadAction\",\"target\":[\"https:\/\/socialdesignmagazine.com\/mag\/products-selection\/product\/lampada-a-sospensione-stchu-moon-02-o-80-cm-nerooro-by-catellani-smith\/\"]}]},{\"@type\":\"ImageObject\",\"inLanguage\":\"it-IT\",\"@id\":\"https:\/\/socialdesignmagazine.com\/mag\/products-selection\/product\/lampada-a-sospensione-stchu-moon-02-o-80-cm-nerooro-by-catellani-smith\/#primaryimage\",\"url\":\"https:\/\/socialdesignmagazine.com\/mag\/products-selection\/wp-content\/uploads\/sites\/2\/2020\/12\/Lampada-A-Sospensione-Stchu-moon-02-\u00d8-80-cm-NeroOro-Catellani-Smith-Catellani-Smith.jpg\",\"contentUrl\":\"https:\/\/socialdesignmagazine.com\/mag\/products-selection\/wp-content\/uploads\/sites\/2\/2020\/12\/Lampada-A-Sospensione-Stchu-moon-02-\u00d8-80-cm-NeroOro-Catellani-Smith-Catellani-Smith.jpg\",\"width\":1379,\"height\":1379,\"caption\":\"Lampada A Sospensione Stchu-moon 02 - \u00d8 80 cm Nero|Oro Catellani & Smith Catellani & Smith\"},{\"@type\":\"BreadcrumbList\",\"@id\":\"https:\/\/socialdesignmagazine.com\/mag\/products-selection\/product\/lampada-a-sospensione-stchu-moon-02-o-80-cm-nerooro-by-catellani-smith\/#breadcrumb\",\"itemListElement\":[{\"@type\":\"ListItem\",\"position\":1,\"name\":\"Home\",\"item\":\"https:\/\/socialdesignmagazine.com\/mag\/products-selection\/\"},{\"@type\":\"ListItem\",\"position\":2,\"name\":\"Tutti i prodotti\",\"item\":\"https:\/\/socialdesignmagazine.com\/mag\/products-selection\/tutti-i-prodotti\/\"},{\"@type\":\"ListItem\",\"position\":3,\"name\":\"Lampada A Sospensione Stchu-moon 02 &#8211; \u00d8 80 cm Nero|Oro by Catellani &#038; Smith\"}]},{\"@type\":\"WebSite\",\"@id\":\"https:\/\/socialdesignmagazine.com\/mag\/products-selection\/#website\",\"url\":\"https:\/\/socialdesignmagazine.com\/mag\/products-selection\/\",\"name\":\"SDM Product Selection\",\"description\":\"Una selezioni di prodotti dei brand pi\u00f9 interessanti per arredare e progettare\",\"publisher\":{\"@id\":\"https:\/\/socialdesignmagazine.com\/mag\/products-selection\/#organization\"},\"potentialAction\":[{\"@type\":\"SearchAction\",\"target\":{\"@type\":\"EntryPoint\",\"urlTemplate\":\"https:\/\/socialdesignmagazine.com\/mag\/products-selection\/?s={search_term_string}\"},\"query-input\":{\"@type\":\"PropertyValueSpecification\",\"valueRequired\":true,\"valueName\":\"search_term_string\"}}],\"inLanguage\":\"it-IT\"},{\"@type\":\"Organization\",\"@id\":\"https:\/\/socialdesignmagazine.com\/mag\/products-selection\/#organization\",\"name\":\"Social Design Magazine\",\"url\":\"https:\/\/socialdesignmagazine.com\/mag\/products-selection\/\",\"logo\":{\"@type\":\"ImageObject\",\"inLanguage\":\"it-IT\",\"@id\":\"https:\/\/socialdesignmagazine.com\/mag\/products-selection\/#\/schema\/logo\/image\/\",\"url\":\"https:\/\/socialdesignmagazine.com\/mag\/products-selection\/wp-content\/uploads\/sites\/2\/2015\/05\/social-design-magazine-logo.png\",\"contentUrl\":\"https:\/\/socialdesignmagazine.com\/mag\/products-selection\/wp-content\/uploads\/sites\/2\/2015\/05\/social-design-magazine-logo.png\",\"width\":251,\"height\":101,\"caption\":\"Social Design Magazine\"},\"image\":{\"@id\":\"https:\/\/socialdesignmagazine.com\/mag\/products-selection\/#\/schema\/logo\/image\/\"},\"sameAs\":[\"https:\/\/www.facebook.com\/socialdesignmag\",\"https:\/\/x.com\/socialdesignmag\",\"http:\/\/instagram.com\/social_design_magazine\/\",\"http:\/\/pinterest.com\/socialdesignmag\/\",\"http:\/\/www.youtube.com\/user\/socialdesignmagazine\"]}]}<\/script>\n<!-- \/ Yoast SEO plugin. -->","yoast_head_json":{"title":"Lampada A Sospensione Stchu-moon 02 - \u00d8 80 cm Nero|Oro by Catellani & Smith - SDM Product Selection","description":"Dall'incontro tra l'esterno della cupola, minimal e liscio e l'interno frastagliato, nasce un sorprendente armonia luminosa.","robots":{"index":"index","follow":"follow","max-snippet":"max-snippet:-1","max-image-preview":"max-image-preview:large","max-video-preview":"max-video-preview:-1"},"canonical":"https:\/\/socialdesignmagazine.com\/mag\/products-selection\/product\/lampada-a-sospensione-stchu-moon-02-o-80-cm-nerooro-by-catellani-smith\/","og_locale":"it_IT","og_type":"article","og_title":"Lampada A Sospensione Stchu-moon 02 - \u00d8 80 cm Nero|Oro by Catellani & Smith - SDM Product Selection","og_description":"Dall'incontro tra l'esterno della cupola, minimal e liscio e l'interno frastagliato, nasce un sorprendente armonia luminosa.","og_url":"https:\/\/socialdesignmagazine.com\/mag\/products-selection\/product\/lampada-a-sospensione-stchu-moon-02-o-80-cm-nerooro-by-catellani-smith\/","og_site_name":"SDM Product Selection","article_publisher":"https:\/\/www.facebook.com\/socialdesignmag","article_modified_time":"2021-08-02T19:39:12+00:00","og_image":[{"width":1379,"height":1379,"url":"https:\/\/socialdesignmagazine.com\/mag\/products-selection\/wp-content\/uploads\/sites\/2\/2020\/12\/Lampada-A-Sospensione-Stchu-moon-02-\u00d8-80-cm-NeroOro-Catellani-Smith-Catellani-Smith.jpg","type":"image\/jpeg"}],"twitter_card":"summary_large_image","twitter_site":"@socialdesignmag","twitter_misc":{"Tempo di lettura stimato":"1 minuto"},"schema":{"@context":"https:\/\/schema.org","@graph":[{"@type":"WebPage","@id":"https:\/\/socialdesignmagazine.com\/mag\/products-selection\/product\/lampada-a-sospensione-stchu-moon-02-o-80-cm-nerooro-by-catellani-smith\/","url":"https:\/\/socialdesignmagazine.com\/mag\/products-selection\/product\/lampada-a-sospensione-stchu-moon-02-o-80-cm-nerooro-by-catellani-smith\/","name":"Lampada A Sospensione Stchu-moon 02 - \u00d8 80 cm Nero|Oro by Catellani & Smith - SDM Product Selection","isPartOf":{"@id":"https:\/\/socialdesignmagazine.com\/mag\/products-selection\/#website"},"primaryImageOfPage":{"@id":"https:\/\/socialdesignmagazine.com\/mag\/products-selection\/product\/lampada-a-sospensione-stchu-moon-02-o-80-cm-nerooro-by-catellani-smith\/#primaryimage"},"image":{"@id":"https:\/\/socialdesignmagazine.com\/mag\/products-selection\/product\/lampada-a-sospensione-stchu-moon-02-o-80-cm-nerooro-by-catellani-smith\/#primaryimage"},"thumbnailUrl":"https:\/\/socialdesignmagazine.com\/mag\/products-selection\/wp-content\/uploads\/sites\/2\/2020\/12\/Lampada-A-Sospensione-Stchu-moon-02-\u00d8-80-cm-NeroOro-Catellani-Smith-Catellani-Smith.jpg","datePublished":"2019-08-24T22:21:16+00:00","dateModified":"2021-08-02T19:39:12+00:00","description":"Dall'incontro tra l'esterno della cupola, minimal e liscio e l'interno frastagliato, nasce un sorprendente armonia luminosa.","breadcrumb":{"@id":"https:\/\/socialdesignmagazine.com\/mag\/products-selection\/product\/lampada-a-sospensione-stchu-moon-02-o-80-cm-nerooro-by-catellani-smith\/#breadcrumb"},"inLanguage":"it-IT","potentialAction":[{"@type":"ReadAction","target":["https:\/\/socialdesignmagazine.com\/mag\/products-selection\/product\/lampada-a-sospensione-stchu-moon-02-o-80-cm-nerooro-by-catellani-smith\/"]}]},{"@type":"ImageObject","inLanguage":"it-IT","@id":"https:\/\/socialdesignmagazine.com\/mag\/products-selection\/product\/lampada-a-sospensione-stchu-moon-02-o-80-cm-nerooro-by-catellani-smith\/#primaryimage","url":"https:\/\/socialdesignmagazine.com\/mag\/products-selection\/wp-content\/uploads\/sites\/2\/2020\/12\/Lampada-A-Sospensione-Stchu-moon-02-\u00d8-80-cm-NeroOro-Catellani-Smith-Catellani-Smith.jpg","contentUrl":"https:\/\/socialdesignmagazine.com\/mag\/products-selection\/wp-content\/uploads\/sites\/2\/2020\/12\/Lampada-A-Sospensione-Stchu-moon-02-\u00d8-80-cm-NeroOro-Catellani-Smith-Catellani-Smith.jpg","width":1379,"height":1379,"caption":"Lampada A Sospensione Stchu-moon 02 - \u00d8 80 cm Nero|Oro Catellani & Smith Catellani & Smith"},{"@type":"BreadcrumbList","@id":"https:\/\/socialdesignmagazine.com\/mag\/products-selection\/product\/lampada-a-sospensione-stchu-moon-02-o-80-cm-nerooro-by-catellani-smith\/#breadcrumb","itemListElement":[{"@type":"ListItem","position":1,"name":"Home","item":"https:\/\/socialdesignmagazine.com\/mag\/products-selection\/"},{"@type":"ListItem","position":2,"name":"Tutti i prodotti","item":"https:\/\/socialdesignmagazine.com\/mag\/products-selection\/tutti-i-prodotti\/"},{"@type":"ListItem","position":3,"name":"Lampada A Sospensione Stchu-moon 02 &#8211; \u00d8 80 cm Nero|Oro by Catellani &#038; Smith"}]},{"@type":"WebSite","@id":"https:\/\/socialdesignmagazine.com\/mag\/products-selection\/#website","url":"https:\/\/socialdesignmagazine.com\/mag\/products-selection\/","name":"SDM Product Selection","description":"Una selezioni di prodotti dei brand pi\u00f9 interessanti per arredare e progettare","publisher":{"@id":"https:\/\/socialdesignmagazine.com\/mag\/products-selection\/#organization"},"potentialAction":[{"@type":"SearchAction","target":{"@type":"EntryPoint","urlTemplate":"https:\/\/socialdesignmagazine.com\/mag\/products-selection\/?s={search_term_string}"},"query-input":{"@type":"PropertyValueSpecification","valueRequired":true,"valueName":"search_term_string"}}],"inLanguage":"it-IT"},{"@type":"Organization","@id":"https:\/\/socialdesignmagazine.com\/mag\/products-selection\/#organization","name":"Social Design Magazine","url":"https:\/\/socialdesignmagazine.com\/mag\/products-selection\/","logo":{"@type":"ImageObject","inLanguage":"it-IT","@id":"https:\/\/socialdesignmagazine.com\/mag\/products-selection\/#\/schema\/logo\/image\/","url":"https:\/\/socialdesignmagazine.com\/mag\/products-selection\/wp-content\/uploads\/sites\/2\/2015\/05\/social-design-magazine-logo.png","contentUrl":"https:\/\/socialdesignmagazine.com\/mag\/products-selection\/wp-content\/uploads\/sites\/2\/2015\/05\/social-design-magazine-logo.png","width":251,"height":101,"caption":"Social Design Magazine"},"image":{"@id":"https:\/\/socialdesignmagazine.com\/mag\/products-selection\/#\/schema\/logo\/image\/"},"sameAs":["https:\/\/www.facebook.com\/socialdesignmag","https:\/\/x.com\/socialdesignmag","http:\/\/instagram.com\/social_design_magazine\/","http:\/\/pinterest.com\/socialdesignmag\/","http:\/\/www.youtube.com\/user\/socialdesignmagazine"]}]}},"jetpack_publicize_connections":[],"jetpack_sharing_enabled":true,"brands":[{"id":1511,"name":"Catellani &amp; Smith","slug":"catellani-smith"}],"_links":{"self":[{"href":"https:\/\/socialdesignmagazine.com\/mag\/products-selection\/wp-json\/wp\/v2\/product\/84908","targetHints":{"allow":["GET"]}}],"collection":[{"href":"https:\/\/socialdesignmagazine.com\/mag\/products-selection\/wp-json\/wp\/v2\/product"}],"about":[{"href":"https:\/\/socialdesignmagazine.com\/mag\/products-selection\/wp-json\/wp\/v2\/types\/product"}],"wp:featuredmedia":[{"embeddable":true,"href":"https:\/\/socialdesignmagazine.com\/mag\/products-selection\/wp-json\/wp\/v2\/media\/136835"}],"wp:attachment":[{"href":"https:\/\/socialdesignmagazine.com\/mag\/products-selection\/wp-json\/wp\/v2\/media?parent=84908"}],"wp:term":[{"taxonomy":"pwb-brand","embeddable":true,"href":"https:\/\/socialdesignmagazine.com\/mag\/products-selection\/wp-json\/wp\/v2\/pwb-brand?post=84908"},{"taxonomy":"product_brand","embeddable":true,"href":"https:\/\/socialdesignmagazine.com\/mag\/products-selection\/wp-json\/wp\/v2\/product_brand?post=84908"},{"taxonomy":"product_cat","embeddable":true,"href":"https:\/\/socialdesignmagazine.com\/mag\/products-selection\/wp-json\/wp\/v2\/product_cat?post=84908"},{"taxonomy":"product_tag","embeddable":true,"href":"https:\/\/socialdesignmagazine.com\/mag\/products-selection\/wp-json\/wp\/v2\/product_tag?post=84908"}],"curies":[{"name":"wp","href":"https:\/\/api.w.org\/{rel}","templated":true}]}}