{"id":84913,"date":"2019-08-25T00:21:24","date_gmt":"2019-08-24T22:21:24","guid":{"rendered":"https:\/\/socialdesignmagazine.com\/mag\/products-selection\/?post_type=product&#038;p=84913"},"modified":"2021-08-02T21:39:14","modified_gmt":"2021-08-02T19:39:14","slug":"lampada-da-terra-lederam-f2-led-h-198-cm-biancooro-by-catellani-smith","status":"publish","type":"product","link":"https:\/\/socialdesignmagazine.com\/mag\/products-selection\/product\/lampada-da-terra-lederam-f2-led-h-198-cm-biancooro-by-catellani-smith\/","title":{"rendered":"Lampada Da Terra Lederam F2 &#8211; \/ LED &#8211; H 198 cm Bianco|Oro by Catellani &#038; Smith"},"content":{"rendered":"<p>Raffinata e minimal, questa lampada si compone di due coppe bianche che giocano sull&#8217;equilibrio degli steli obliqui in metallo dorato. Una costruzione della luce scultorea e sofisticata esplora la notizione d&#8217;equilibrio. Le due coppe sono inclinabili per orientare la luce in base alle vostre esigenze. La produzione di Catellani &#038; Smith \u00e8 prevalentemente manuale. Queste lampade sono prodotte a mano da diversi artigiani. Questa lampada \u00e8 sottoposta ad un severo controllo che garantisce la qualit\u00e0. Le piccole imperfezioni non sono un difetto ma una caratteristica del lavoro manuale. Variatore &#8211; 2 coppa-diffusore inclinabili (luce orientabile) &#8211; Sorgenti LED (incluse): 2 x 17W -3180 lm, 2700K, 80 CRI &#8211; Classe A+ &#8211; Prodotto in Italia<\/p>\n","protected":false},"excerpt":{"rendered":"<p>Questa lampada si compone di due coppe bianche che giocano sull&#8217;equilibrio degli steli obliqui in metallo dorato.<\/p>\n","protected":false},"featured_media":136838,"template":"","meta":{"_acf_changed":false,"jetpack_post_was_ever_published":false,"jetpack_publicize_message":"","jetpack_publicize_feature_enabled":true,"jetpack_social_post_already_shared":false,"jetpack_social_options":{"image_generator_settings":{"template":"highway","default_image_id":0,"font":"","enabled":false},"version":2}},"pwb-brand":[1511],"product_brand":[],"product_cat":[607,1527,312,316],"product_tag":[102],"class_list":{"0":"post-84913","1":"product","2":"type-product","3":"status-publish","4":"has-post-thumbnail","6":"pwb-brand-catellani-smith","7":"product_cat-designers","8":"product_cat-enzo-catellani","9":"product_cat-illuminazione","10":"product_cat-lampada-da-terra-illuminazione","11":"product_tag-lampada-da-terra","12":"pa_altezza-1980-mm","13":"pa_colore-bianco","14":"pa_colore-oro","15":"pa_designer-enzo-catellani","16":"pa_larghezza-440-mm","17":"pa_materiale-alluminio-verniciato","18":"pa_materiale-metallo-dorato","19":"pa_produttore-catellani-smith","20":"pa_serie-lederam","21":"pa_tipo-di-prodotto-lampada-da-terra","23":"first","24":"instock","25":"product-type-external"},"acf":[],"yoast_head":"<!-- This site is optimized with the Yoast SEO plugin v27.2 - https:\/\/yoast.com\/product\/yoast-seo-wordpress\/ -->\n<title>Lampada Da Terra Lederam F2 - \/ LED - H 198 cm Bianco|Oro by Catellani &amp; Smith - SDM Product Selection<\/title>\n<meta name=\"description\" content=\"Questa lampada si compone di due coppe bianche che giocano sull&#039;equilibrio degli steli obliqui in metallo dorato.\" \/>\n<meta name=\"robots\" content=\"index, follow, max-snippet:-1, max-image-preview:large, max-video-preview:-1\" \/>\n<link rel=\"canonical\" href=\"https:\/\/socialdesignmagazine.com\/mag\/products-selection\/product\/lampada-da-terra-lederam-f2-led-h-198-cm-biancooro-by-catellani-smith\/\" \/>\n<meta property=\"og:locale\" content=\"it_IT\" \/>\n<meta property=\"og:type\" content=\"article\" \/>\n<meta property=\"og:title\" content=\"Lampada Da Terra Lederam F2 - \/ LED - H 198 cm Bianco|Oro by Catellani &amp; Smith - SDM Product Selection\" \/>\n<meta property=\"og:description\" content=\"Questa lampada si compone di due coppe bianche che giocano sull&#039;equilibrio degli steli obliqui in metallo dorato.\" \/>\n<meta property=\"og:url\" content=\"https:\/\/socialdesignmagazine.com\/mag\/products-selection\/product\/lampada-da-terra-lederam-f2-led-h-198-cm-biancooro-by-catellani-smith\/\" \/>\n<meta property=\"og:site_name\" content=\"SDM Product Selection\" \/>\n<meta property=\"article:publisher\" content=\"https:\/\/www.facebook.com\/socialdesignmag\" \/>\n<meta property=\"article:modified_time\" content=\"2021-08-02T19:39:14+00:00\" \/>\n<meta property=\"og:image\" content=\"https:\/\/socialdesignmagazine.com\/mag\/products-selection\/wp-content\/uploads\/sites\/2\/2020\/12\/Lampada-Da-Terra-Lederam-F2-LED-H-198-cm-BiancoOro-Catellani-Smith-Enzo-Catellani-scaled.jpg\" \/>\n\t<meta property=\"og:image:width\" content=\"2560\" \/>\n\t<meta property=\"og:image:height\" content=\"2560\" \/>\n\t<meta property=\"og:image:type\" content=\"image\/jpeg\" \/>\n<meta name=\"twitter:card\" content=\"summary_large_image\" \/>\n<meta name=\"twitter:site\" content=\"@socialdesignmag\" \/>\n<meta name=\"twitter:label1\" content=\"Tempo di lettura stimato\" \/>\n\t<meta name=\"twitter:data1\" content=\"1 minuto\" \/>\n<script type=\"application\/ld+json\" class=\"yoast-schema-graph\">{\"@context\":\"https:\/\/schema.org\",\"@graph\":[{\"@type\":\"WebPage\",\"@id\":\"https:\/\/socialdesignmagazine.com\/mag\/products-selection\/product\/lampada-da-terra-lederam-f2-led-h-198-cm-biancooro-by-catellani-smith\/\",\"url\":\"https:\/\/socialdesignmagazine.com\/mag\/products-selection\/product\/lampada-da-terra-lederam-f2-led-h-198-cm-biancooro-by-catellani-smith\/\",\"name\":\"Lampada Da Terra Lederam F2 - \/ LED - H 198 cm Bianco|Oro by Catellani & Smith - SDM Product Selection\",\"isPartOf\":{\"@id\":\"https:\/\/socialdesignmagazine.com\/mag\/products-selection\/#website\"},\"primaryImageOfPage\":{\"@id\":\"https:\/\/socialdesignmagazine.com\/mag\/products-selection\/product\/lampada-da-terra-lederam-f2-led-h-198-cm-biancooro-by-catellani-smith\/#primaryimage\"},\"image\":{\"@id\":\"https:\/\/socialdesignmagazine.com\/mag\/products-selection\/product\/lampada-da-terra-lederam-f2-led-h-198-cm-biancooro-by-catellani-smith\/#primaryimage\"},\"thumbnailUrl\":\"https:\/\/socialdesignmagazine.com\/mag\/products-selection\/wp-content\/uploads\/sites\/2\/2020\/12\/Lampada-Da-Terra-Lederam-F2-LED-H-198-cm-BiancoOro-Catellani-Smith-Enzo-Catellani-scaled.jpg\",\"datePublished\":\"2019-08-24T22:21:24+00:00\",\"dateModified\":\"2021-08-02T19:39:14+00:00\",\"description\":\"Questa lampada si compone di due coppe bianche che giocano sull'equilibrio degli steli obliqui in metallo dorato.\",\"breadcrumb\":{\"@id\":\"https:\/\/socialdesignmagazine.com\/mag\/products-selection\/product\/lampada-da-terra-lederam-f2-led-h-198-cm-biancooro-by-catellani-smith\/#breadcrumb\"},\"inLanguage\":\"it-IT\",\"potentialAction\":[{\"@type\":\"ReadAction\",\"target\":[\"https:\/\/socialdesignmagazine.com\/mag\/products-selection\/product\/lampada-da-terra-lederam-f2-led-h-198-cm-biancooro-by-catellani-smith\/\"]}]},{\"@type\":\"ImageObject\",\"inLanguage\":\"it-IT\",\"@id\":\"https:\/\/socialdesignmagazine.com\/mag\/products-selection\/product\/lampada-da-terra-lederam-f2-led-h-198-cm-biancooro-by-catellani-smith\/#primaryimage\",\"url\":\"https:\/\/socialdesignmagazine.com\/mag\/products-selection\/wp-content\/uploads\/sites\/2\/2020\/12\/Lampada-Da-Terra-Lederam-F2-LED-H-198-cm-BiancoOro-Catellani-Smith-Enzo-Catellani-scaled.jpg\",\"contentUrl\":\"https:\/\/socialdesignmagazine.com\/mag\/products-selection\/wp-content\/uploads\/sites\/2\/2020\/12\/Lampada-Da-Terra-Lederam-F2-LED-H-198-cm-BiancoOro-Catellani-Smith-Enzo-Catellani-scaled.jpg\",\"width\":2560,\"height\":2560,\"caption\":\"Lampada Da Terra Lederam F2 - \/ LED - H 198 cm Bianco|Oro Catellani & Smith Enzo Catellani\"},{\"@type\":\"BreadcrumbList\",\"@id\":\"https:\/\/socialdesignmagazine.com\/mag\/products-selection\/product\/lampada-da-terra-lederam-f2-led-h-198-cm-biancooro-by-catellani-smith\/#breadcrumb\",\"itemListElement\":[{\"@type\":\"ListItem\",\"position\":1,\"name\":\"Home\",\"item\":\"https:\/\/socialdesignmagazine.com\/mag\/products-selection\/\"},{\"@type\":\"ListItem\",\"position\":2,\"name\":\"Tutti i prodotti\",\"item\":\"https:\/\/socialdesignmagazine.com\/mag\/products-selection\/tutti-i-prodotti\/\"},{\"@type\":\"ListItem\",\"position\":3,\"name\":\"Lampada Da Terra Lederam F2 &#8211; \/ LED &#8211; H 198 cm Bianco|Oro by Catellani &#038; Smith\"}]},{\"@type\":\"WebSite\",\"@id\":\"https:\/\/socialdesignmagazine.com\/mag\/products-selection\/#website\",\"url\":\"https:\/\/socialdesignmagazine.com\/mag\/products-selection\/\",\"name\":\"SDM Product Selection\",\"description\":\"Una selezioni di prodotti dei brand pi\u00f9 interessanti per arredare e progettare\",\"publisher\":{\"@id\":\"https:\/\/socialdesignmagazine.com\/mag\/products-selection\/#organization\"},\"potentialAction\":[{\"@type\":\"SearchAction\",\"target\":{\"@type\":\"EntryPoint\",\"urlTemplate\":\"https:\/\/socialdesignmagazine.com\/mag\/products-selection\/?s={search_term_string}\"},\"query-input\":{\"@type\":\"PropertyValueSpecification\",\"valueRequired\":true,\"valueName\":\"search_term_string\"}}],\"inLanguage\":\"it-IT\"},{\"@type\":\"Organization\",\"@id\":\"https:\/\/socialdesignmagazine.com\/mag\/products-selection\/#organization\",\"name\":\"Social Design Magazine\",\"url\":\"https:\/\/socialdesignmagazine.com\/mag\/products-selection\/\",\"logo\":{\"@type\":\"ImageObject\",\"inLanguage\":\"it-IT\",\"@id\":\"https:\/\/socialdesignmagazine.com\/mag\/products-selection\/#\/schema\/logo\/image\/\",\"url\":\"https:\/\/socialdesignmagazine.com\/mag\/products-selection\/wp-content\/uploads\/sites\/2\/2015\/05\/social-design-magazine-logo.png\",\"contentUrl\":\"https:\/\/socialdesignmagazine.com\/mag\/products-selection\/wp-content\/uploads\/sites\/2\/2015\/05\/social-design-magazine-logo.png\",\"width\":251,\"height\":101,\"caption\":\"Social Design Magazine\"},\"image\":{\"@id\":\"https:\/\/socialdesignmagazine.com\/mag\/products-selection\/#\/schema\/logo\/image\/\"},\"sameAs\":[\"https:\/\/www.facebook.com\/socialdesignmag\",\"https:\/\/x.com\/socialdesignmag\",\"http:\/\/instagram.com\/social_design_magazine\/\",\"http:\/\/pinterest.com\/socialdesignmag\/\",\"http:\/\/www.youtube.com\/user\/socialdesignmagazine\"]}]}<\/script>\n<!-- \/ Yoast SEO plugin. -->","yoast_head_json":{"title":"Lampada Da Terra Lederam F2 - \/ LED - H 198 cm Bianco|Oro by Catellani & Smith - SDM Product Selection","description":"Questa lampada si compone di due coppe bianche che giocano sull'equilibrio degli steli obliqui in metallo dorato.","robots":{"index":"index","follow":"follow","max-snippet":"max-snippet:-1","max-image-preview":"max-image-preview:large","max-video-preview":"max-video-preview:-1"},"canonical":"https:\/\/socialdesignmagazine.com\/mag\/products-selection\/product\/lampada-da-terra-lederam-f2-led-h-198-cm-biancooro-by-catellani-smith\/","og_locale":"it_IT","og_type":"article","og_title":"Lampada Da Terra Lederam F2 - \/ LED - H 198 cm Bianco|Oro by Catellani & Smith - SDM Product Selection","og_description":"Questa lampada si compone di due coppe bianche che giocano sull'equilibrio degli steli obliqui in metallo dorato.","og_url":"https:\/\/socialdesignmagazine.com\/mag\/products-selection\/product\/lampada-da-terra-lederam-f2-led-h-198-cm-biancooro-by-catellani-smith\/","og_site_name":"SDM Product Selection","article_publisher":"https:\/\/www.facebook.com\/socialdesignmag","article_modified_time":"2021-08-02T19:39:14+00:00","og_image":[{"width":2560,"height":2560,"url":"https:\/\/socialdesignmagazine.com\/mag\/products-selection\/wp-content\/uploads\/sites\/2\/2020\/12\/Lampada-Da-Terra-Lederam-F2-LED-H-198-cm-BiancoOro-Catellani-Smith-Enzo-Catellani-scaled.jpg","type":"image\/jpeg"}],"twitter_card":"summary_large_image","twitter_site":"@socialdesignmag","twitter_misc":{"Tempo di lettura stimato":"1 minuto"},"schema":{"@context":"https:\/\/schema.org","@graph":[{"@type":"WebPage","@id":"https:\/\/socialdesignmagazine.com\/mag\/products-selection\/product\/lampada-da-terra-lederam-f2-led-h-198-cm-biancooro-by-catellani-smith\/","url":"https:\/\/socialdesignmagazine.com\/mag\/products-selection\/product\/lampada-da-terra-lederam-f2-led-h-198-cm-biancooro-by-catellani-smith\/","name":"Lampada Da Terra Lederam F2 - \/ LED - H 198 cm Bianco|Oro by Catellani & Smith - SDM Product Selection","isPartOf":{"@id":"https:\/\/socialdesignmagazine.com\/mag\/products-selection\/#website"},"primaryImageOfPage":{"@id":"https:\/\/socialdesignmagazine.com\/mag\/products-selection\/product\/lampada-da-terra-lederam-f2-led-h-198-cm-biancooro-by-catellani-smith\/#primaryimage"},"image":{"@id":"https:\/\/socialdesignmagazine.com\/mag\/products-selection\/product\/lampada-da-terra-lederam-f2-led-h-198-cm-biancooro-by-catellani-smith\/#primaryimage"},"thumbnailUrl":"https:\/\/socialdesignmagazine.com\/mag\/products-selection\/wp-content\/uploads\/sites\/2\/2020\/12\/Lampada-Da-Terra-Lederam-F2-LED-H-198-cm-BiancoOro-Catellani-Smith-Enzo-Catellani-scaled.jpg","datePublished":"2019-08-24T22:21:24+00:00","dateModified":"2021-08-02T19:39:14+00:00","description":"Questa lampada si compone di due coppe bianche che giocano sull'equilibrio degli steli obliqui in metallo dorato.","breadcrumb":{"@id":"https:\/\/socialdesignmagazine.com\/mag\/products-selection\/product\/lampada-da-terra-lederam-f2-led-h-198-cm-biancooro-by-catellani-smith\/#breadcrumb"},"inLanguage":"it-IT","potentialAction":[{"@type":"ReadAction","target":["https:\/\/socialdesignmagazine.com\/mag\/products-selection\/product\/lampada-da-terra-lederam-f2-led-h-198-cm-biancooro-by-catellani-smith\/"]}]},{"@type":"ImageObject","inLanguage":"it-IT","@id":"https:\/\/socialdesignmagazine.com\/mag\/products-selection\/product\/lampada-da-terra-lederam-f2-led-h-198-cm-biancooro-by-catellani-smith\/#primaryimage","url":"https:\/\/socialdesignmagazine.com\/mag\/products-selection\/wp-content\/uploads\/sites\/2\/2020\/12\/Lampada-Da-Terra-Lederam-F2-LED-H-198-cm-BiancoOro-Catellani-Smith-Enzo-Catellani-scaled.jpg","contentUrl":"https:\/\/socialdesignmagazine.com\/mag\/products-selection\/wp-content\/uploads\/sites\/2\/2020\/12\/Lampada-Da-Terra-Lederam-F2-LED-H-198-cm-BiancoOro-Catellani-Smith-Enzo-Catellani-scaled.jpg","width":2560,"height":2560,"caption":"Lampada Da Terra Lederam F2 - \/ LED - H 198 cm Bianco|Oro Catellani & Smith Enzo Catellani"},{"@type":"BreadcrumbList","@id":"https:\/\/socialdesignmagazine.com\/mag\/products-selection\/product\/lampada-da-terra-lederam-f2-led-h-198-cm-biancooro-by-catellani-smith\/#breadcrumb","itemListElement":[{"@type":"ListItem","position":1,"name":"Home","item":"https:\/\/socialdesignmagazine.com\/mag\/products-selection\/"},{"@type":"ListItem","position":2,"name":"Tutti i prodotti","item":"https:\/\/socialdesignmagazine.com\/mag\/products-selection\/tutti-i-prodotti\/"},{"@type":"ListItem","position":3,"name":"Lampada Da Terra Lederam F2 &#8211; \/ LED &#8211; H 198 cm Bianco|Oro by Catellani &#038; Smith"}]},{"@type":"WebSite","@id":"https:\/\/socialdesignmagazine.com\/mag\/products-selection\/#website","url":"https:\/\/socialdesignmagazine.com\/mag\/products-selection\/","name":"SDM Product Selection","description":"Una selezioni di prodotti dei brand pi\u00f9 interessanti per arredare e progettare","publisher":{"@id":"https:\/\/socialdesignmagazine.com\/mag\/products-selection\/#organization"},"potentialAction":[{"@type":"SearchAction","target":{"@type":"EntryPoint","urlTemplate":"https:\/\/socialdesignmagazine.com\/mag\/products-selection\/?s={search_term_string}"},"query-input":{"@type":"PropertyValueSpecification","valueRequired":true,"valueName":"search_term_string"}}],"inLanguage":"it-IT"},{"@type":"Organization","@id":"https:\/\/socialdesignmagazine.com\/mag\/products-selection\/#organization","name":"Social Design Magazine","url":"https:\/\/socialdesignmagazine.com\/mag\/products-selection\/","logo":{"@type":"ImageObject","inLanguage":"it-IT","@id":"https:\/\/socialdesignmagazine.com\/mag\/products-selection\/#\/schema\/logo\/image\/","url":"https:\/\/socialdesignmagazine.com\/mag\/products-selection\/wp-content\/uploads\/sites\/2\/2015\/05\/social-design-magazine-logo.png","contentUrl":"https:\/\/socialdesignmagazine.com\/mag\/products-selection\/wp-content\/uploads\/sites\/2\/2015\/05\/social-design-magazine-logo.png","width":251,"height":101,"caption":"Social Design Magazine"},"image":{"@id":"https:\/\/socialdesignmagazine.com\/mag\/products-selection\/#\/schema\/logo\/image\/"},"sameAs":["https:\/\/www.facebook.com\/socialdesignmag","https:\/\/x.com\/socialdesignmag","http:\/\/instagram.com\/social_design_magazine\/","http:\/\/pinterest.com\/socialdesignmag\/","http:\/\/www.youtube.com\/user\/socialdesignmagazine"]}]}},"jetpack_publicize_connections":[],"jetpack_sharing_enabled":true,"brands":[{"id":1511,"name":"Catellani &amp; Smith","slug":"catellani-smith"}],"_links":{"self":[{"href":"https:\/\/socialdesignmagazine.com\/mag\/products-selection\/wp-json\/wp\/v2\/product\/84913","targetHints":{"allow":["GET"]}}],"collection":[{"href":"https:\/\/socialdesignmagazine.com\/mag\/products-selection\/wp-json\/wp\/v2\/product"}],"about":[{"href":"https:\/\/socialdesignmagazine.com\/mag\/products-selection\/wp-json\/wp\/v2\/types\/product"}],"wp:featuredmedia":[{"embeddable":true,"href":"https:\/\/socialdesignmagazine.com\/mag\/products-selection\/wp-json\/wp\/v2\/media\/136838"}],"wp:attachment":[{"href":"https:\/\/socialdesignmagazine.com\/mag\/products-selection\/wp-json\/wp\/v2\/media?parent=84913"}],"wp:term":[{"taxonomy":"pwb-brand","embeddable":true,"href":"https:\/\/socialdesignmagazine.com\/mag\/products-selection\/wp-json\/wp\/v2\/pwb-brand?post=84913"},{"taxonomy":"product_brand","embeddable":true,"href":"https:\/\/socialdesignmagazine.com\/mag\/products-selection\/wp-json\/wp\/v2\/product_brand?post=84913"},{"taxonomy":"product_cat","embeddable":true,"href":"https:\/\/socialdesignmagazine.com\/mag\/products-selection\/wp-json\/wp\/v2\/product_cat?post=84913"},{"taxonomy":"product_tag","embeddable":true,"href":"https:\/\/socialdesignmagazine.com\/mag\/products-selection\/wp-json\/wp\/v2\/product_tag?post=84913"}],"curies":[{"name":"wp","href":"https:\/\/api.w.org\/{rel}","templated":true}]}}