{"id":84934,"date":"2019-08-25T00:21:58","date_gmt":"2019-08-24T22:21:58","guid":{"rendered":"https:\/\/socialdesignmagazine.com\/mag\/products-selection\/?post_type=product&#038;p=84934"},"modified":"2021-08-02T21:39:19","modified_gmt":"2021-08-02T19:39:19","slug":"lampada-da-tavolo-postkrisi-10-malagolina-led-h-42-cm-oro-by-catellani-smith","status":"publish","type":"product","link":"https:\/\/socialdesignmagazine.com\/mag\/products-selection\/product\/lampada-da-tavolo-postkrisi-10-malagolina-led-h-42-cm-oro-by-catellani-smith\/","title":{"rendered":"Lampada Da Tavolo PostKrisi 10 Malagolina &#8211; LED \/ H 42 cm Oro by Catellani &#038; Smith"},"content":{"rendered":"<p>La lampada PostKrisi rivela la fascinazione del designer Enzo Catellani per la fibra di vetro. Di un&#8217;incredibile polivalenza, questo materiale fibroso si dinstingue per la sua resistenza, ma soprattutto per i giochi di ombre che crea nel momento in cui interagisce con la luce. Vera scultura luminosa, questa grande lampada da tavolo LED (H 42 cm) arreda un ambiente della sua insolita e onirica presenza. PostKrisi deriva da un notevole lavoro sulla forma e il materiale. Si compone di una scocca oblunga in fibra di vetro rivestita di foglie d&#8217;oro applicate a mano. Questo lavoro artigianale minuzioso d\u00e0 vita ad una bella texture irregolare che gioca con i riflessi e la luce. L&#8217;illuminazione indiretta \u00e8 dorata, calda e gradevole. La scocca in fibra di vetro \u00e8 attraversata da una scocca in metallo. Lo stelo contiene due sorgenti LED (fornite) la cui luce si riflette e scintilla all&#8217;interno della scocca. Nel momento in cui la si accende, PostKrisi illumina le pareti di una luce delicata, ideale per creare un&#8217;atmosfera relax. Questa luce propone una nuova qualit\u00e0 della luce: una luce zen, che invita alla contemplazione e riduce le tensioni nello spazio illuminato. Dotata di un variatore d&#8217;intensit\u00e0. Sorgenti LED intercambiabili (fornite): 2 x 1W LED &#8211; 200lm, 2700K, 80 CRI &#8211; Classe A+ &#8211; 110-240V &#8211; Variatore &#8211; Prodotto artigianalmente in Italia<\/p>\n","protected":false},"excerpt":{"rendered":"<p>La lampada PostKrisi rivela la fascinazione del designer Enzo Catellani per la fibra di vetro.<\/p>\n","protected":false},"featured_media":136852,"template":"","meta":{"_acf_changed":false,"jetpack_post_was_ever_published":false,"jetpack_publicize_message":"","jetpack_publicize_feature_enabled":true,"jetpack_social_post_already_shared":false,"jetpack_social_options":{"image_generator_settings":{"template":"highway","default_image_id":0,"font":"","enabled":false},"version":2}},"pwb-brand":[1511],"product_brand":[],"product_cat":[607,1527,312,313],"product_tag":[101],"class_list":{"0":"post-84934","1":"product","2":"type-product","3":"status-publish","4":"has-post-thumbnail","6":"pwb-brand-catellani-smith","7":"product_cat-designers","8":"product_cat-enzo-catellani","9":"product_cat-illuminazione","10":"product_cat-lampada-da-tavolo-illuminazione","11":"product_tag-lampada-da-tavolo","12":"pa_altezza-420-mm","13":"pa_colore-oro","14":"pa_designer-enzo-catellani","15":"pa_materiale-fibra-di-vetro","16":"pa_materiale-foglio-doro","17":"pa_materiale-metallo-nichelato","18":"pa_produttore-catellani-smith","19":"pa_serie-postkrisi","20":"pa_tipo-di-prodotto-lampada-da-tavolo","22":"first","23":"instock","24":"product-type-external"},"acf":[],"yoast_head":"<!-- This site is optimized with the Yoast SEO plugin v27.2 - https:\/\/yoast.com\/product\/yoast-seo-wordpress\/ -->\n<title>Lampada Da Tavolo PostKrisi 10 Malagolina - LED \/ H 42 cm Oro by Catellani &amp; Smith - SDM Product Selection<\/title>\n<meta name=\"description\" content=\"La lampada PostKrisi rivela la fascinazione del designer Enzo Catellani per la fibra di vetro.\" \/>\n<meta name=\"robots\" content=\"index, follow, max-snippet:-1, max-image-preview:large, max-video-preview:-1\" \/>\n<link rel=\"canonical\" href=\"https:\/\/socialdesignmagazine.com\/mag\/products-selection\/product\/lampada-da-tavolo-postkrisi-10-malagolina-led-h-42-cm-oro-by-catellani-smith\/\" \/>\n<meta property=\"og:locale\" content=\"it_IT\" \/>\n<meta property=\"og:type\" content=\"article\" \/>\n<meta property=\"og:title\" content=\"Lampada Da Tavolo PostKrisi 10 Malagolina - LED \/ H 42 cm Oro by Catellani &amp; Smith - SDM Product Selection\" \/>\n<meta property=\"og:description\" content=\"La lampada PostKrisi rivela la fascinazione del designer Enzo Catellani per la fibra di vetro.\" \/>\n<meta property=\"og:url\" content=\"https:\/\/socialdesignmagazine.com\/mag\/products-selection\/product\/lampada-da-tavolo-postkrisi-10-malagolina-led-h-42-cm-oro-by-catellani-smith\/\" \/>\n<meta property=\"og:site_name\" content=\"SDM Product Selection\" \/>\n<meta property=\"article:publisher\" content=\"https:\/\/www.facebook.com\/socialdesignmag\" \/>\n<meta property=\"article:modified_time\" content=\"2021-08-02T19:39:19+00:00\" \/>\n<meta property=\"og:image\" content=\"https:\/\/socialdesignmagazine.com\/mag\/products-selection\/wp-content\/uploads\/sites\/2\/2020\/12\/Lampada-Da-Tavolo-PostKrisi-10-Malagolina-LED-H-42-cm-Oro-Catellani-Smith-Enzo-Catellani.jpg\" \/>\n\t<meta property=\"og:image:width\" content=\"2143\" \/>\n\t<meta property=\"og:image:height\" content=\"2143\" \/>\n\t<meta property=\"og:image:type\" content=\"image\/jpeg\" \/>\n<meta name=\"twitter:card\" content=\"summary_large_image\" \/>\n<meta name=\"twitter:site\" content=\"@socialdesignmag\" \/>\n<meta name=\"twitter:label1\" content=\"Tempo di lettura stimato\" \/>\n\t<meta name=\"twitter:data1\" content=\"1 minuto\" \/>\n<script type=\"application\/ld+json\" class=\"yoast-schema-graph\">{\"@context\":\"https:\/\/schema.org\",\"@graph\":[{\"@type\":\"WebPage\",\"@id\":\"https:\/\/socialdesignmagazine.com\/mag\/products-selection\/product\/lampada-da-tavolo-postkrisi-10-malagolina-led-h-42-cm-oro-by-catellani-smith\/\",\"url\":\"https:\/\/socialdesignmagazine.com\/mag\/products-selection\/product\/lampada-da-tavolo-postkrisi-10-malagolina-led-h-42-cm-oro-by-catellani-smith\/\",\"name\":\"Lampada Da Tavolo PostKrisi 10 Malagolina - LED \/ H 42 cm Oro by Catellani & Smith - SDM Product Selection\",\"isPartOf\":{\"@id\":\"https:\/\/socialdesignmagazine.com\/mag\/products-selection\/#website\"},\"primaryImageOfPage\":{\"@id\":\"https:\/\/socialdesignmagazine.com\/mag\/products-selection\/product\/lampada-da-tavolo-postkrisi-10-malagolina-led-h-42-cm-oro-by-catellani-smith\/#primaryimage\"},\"image\":{\"@id\":\"https:\/\/socialdesignmagazine.com\/mag\/products-selection\/product\/lampada-da-tavolo-postkrisi-10-malagolina-led-h-42-cm-oro-by-catellani-smith\/#primaryimage\"},\"thumbnailUrl\":\"https:\/\/socialdesignmagazine.com\/mag\/products-selection\/wp-content\/uploads\/sites\/2\/2020\/12\/Lampada-Da-Tavolo-PostKrisi-10-Malagolina-LED-H-42-cm-Oro-Catellani-Smith-Enzo-Catellani.jpg\",\"datePublished\":\"2019-08-24T22:21:58+00:00\",\"dateModified\":\"2021-08-02T19:39:19+00:00\",\"description\":\"La lampada PostKrisi rivela la fascinazione del designer Enzo Catellani per la fibra di vetro.\",\"breadcrumb\":{\"@id\":\"https:\/\/socialdesignmagazine.com\/mag\/products-selection\/product\/lampada-da-tavolo-postkrisi-10-malagolina-led-h-42-cm-oro-by-catellani-smith\/#breadcrumb\"},\"inLanguage\":\"it-IT\",\"potentialAction\":[{\"@type\":\"ReadAction\",\"target\":[\"https:\/\/socialdesignmagazine.com\/mag\/products-selection\/product\/lampada-da-tavolo-postkrisi-10-malagolina-led-h-42-cm-oro-by-catellani-smith\/\"]}]},{\"@type\":\"ImageObject\",\"inLanguage\":\"it-IT\",\"@id\":\"https:\/\/socialdesignmagazine.com\/mag\/products-selection\/product\/lampada-da-tavolo-postkrisi-10-malagolina-led-h-42-cm-oro-by-catellani-smith\/#primaryimage\",\"url\":\"https:\/\/socialdesignmagazine.com\/mag\/products-selection\/wp-content\/uploads\/sites\/2\/2020\/12\/Lampada-Da-Tavolo-PostKrisi-10-Malagolina-LED-H-42-cm-Oro-Catellani-Smith-Enzo-Catellani.jpg\",\"contentUrl\":\"https:\/\/socialdesignmagazine.com\/mag\/products-selection\/wp-content\/uploads\/sites\/2\/2020\/12\/Lampada-Da-Tavolo-PostKrisi-10-Malagolina-LED-H-42-cm-Oro-Catellani-Smith-Enzo-Catellani.jpg\",\"width\":2143,\"height\":2143,\"caption\":\"Lampada Da Tavolo PostKrisi 10 Malagolina - LED \/ H 42 cm Oro Catellani & Smith Enzo Catellani\"},{\"@type\":\"BreadcrumbList\",\"@id\":\"https:\/\/socialdesignmagazine.com\/mag\/products-selection\/product\/lampada-da-tavolo-postkrisi-10-malagolina-led-h-42-cm-oro-by-catellani-smith\/#breadcrumb\",\"itemListElement\":[{\"@type\":\"ListItem\",\"position\":1,\"name\":\"Home\",\"item\":\"https:\/\/socialdesignmagazine.com\/mag\/products-selection\/\"},{\"@type\":\"ListItem\",\"position\":2,\"name\":\"Tutti i prodotti\",\"item\":\"https:\/\/socialdesignmagazine.com\/mag\/products-selection\/tutti-i-prodotti\/\"},{\"@type\":\"ListItem\",\"position\":3,\"name\":\"Lampada Da Tavolo PostKrisi 10 Malagolina &#8211; LED \/ H 42 cm Oro by Catellani &#038; Smith\"}]},{\"@type\":\"WebSite\",\"@id\":\"https:\/\/socialdesignmagazine.com\/mag\/products-selection\/#website\",\"url\":\"https:\/\/socialdesignmagazine.com\/mag\/products-selection\/\",\"name\":\"SDM Product Selection\",\"description\":\"Una selezioni di prodotti dei brand pi\u00f9 interessanti per arredare e progettare\",\"publisher\":{\"@id\":\"https:\/\/socialdesignmagazine.com\/mag\/products-selection\/#organization\"},\"potentialAction\":[{\"@type\":\"SearchAction\",\"target\":{\"@type\":\"EntryPoint\",\"urlTemplate\":\"https:\/\/socialdesignmagazine.com\/mag\/products-selection\/?s={search_term_string}\"},\"query-input\":{\"@type\":\"PropertyValueSpecification\",\"valueRequired\":true,\"valueName\":\"search_term_string\"}}],\"inLanguage\":\"it-IT\"},{\"@type\":\"Organization\",\"@id\":\"https:\/\/socialdesignmagazine.com\/mag\/products-selection\/#organization\",\"name\":\"Social Design Magazine\",\"url\":\"https:\/\/socialdesignmagazine.com\/mag\/products-selection\/\",\"logo\":{\"@type\":\"ImageObject\",\"inLanguage\":\"it-IT\",\"@id\":\"https:\/\/socialdesignmagazine.com\/mag\/products-selection\/#\/schema\/logo\/image\/\",\"url\":\"https:\/\/socialdesignmagazine.com\/mag\/products-selection\/wp-content\/uploads\/sites\/2\/2015\/05\/social-design-magazine-logo.png\",\"contentUrl\":\"https:\/\/socialdesignmagazine.com\/mag\/products-selection\/wp-content\/uploads\/sites\/2\/2015\/05\/social-design-magazine-logo.png\",\"width\":251,\"height\":101,\"caption\":\"Social Design Magazine\"},\"image\":{\"@id\":\"https:\/\/socialdesignmagazine.com\/mag\/products-selection\/#\/schema\/logo\/image\/\"},\"sameAs\":[\"https:\/\/www.facebook.com\/socialdesignmag\",\"https:\/\/x.com\/socialdesignmag\",\"http:\/\/instagram.com\/social_design_magazine\/\",\"http:\/\/pinterest.com\/socialdesignmag\/\",\"http:\/\/www.youtube.com\/user\/socialdesignmagazine\"]}]}<\/script>\n<!-- \/ Yoast SEO plugin. -->","yoast_head_json":{"title":"Lampada Da Tavolo PostKrisi 10 Malagolina - LED \/ H 42 cm Oro by Catellani & Smith - SDM Product Selection","description":"La lampada PostKrisi rivela la fascinazione del designer Enzo Catellani per la fibra di vetro.","robots":{"index":"index","follow":"follow","max-snippet":"max-snippet:-1","max-image-preview":"max-image-preview:large","max-video-preview":"max-video-preview:-1"},"canonical":"https:\/\/socialdesignmagazine.com\/mag\/products-selection\/product\/lampada-da-tavolo-postkrisi-10-malagolina-led-h-42-cm-oro-by-catellani-smith\/","og_locale":"it_IT","og_type":"article","og_title":"Lampada Da Tavolo PostKrisi 10 Malagolina - LED \/ H 42 cm Oro by Catellani & Smith - SDM Product Selection","og_description":"La lampada PostKrisi rivela la fascinazione del designer Enzo Catellani per la fibra di vetro.","og_url":"https:\/\/socialdesignmagazine.com\/mag\/products-selection\/product\/lampada-da-tavolo-postkrisi-10-malagolina-led-h-42-cm-oro-by-catellani-smith\/","og_site_name":"SDM Product Selection","article_publisher":"https:\/\/www.facebook.com\/socialdesignmag","article_modified_time":"2021-08-02T19:39:19+00:00","og_image":[{"width":2143,"height":2143,"url":"https:\/\/socialdesignmagazine.com\/mag\/products-selection\/wp-content\/uploads\/sites\/2\/2020\/12\/Lampada-Da-Tavolo-PostKrisi-10-Malagolina-LED-H-42-cm-Oro-Catellani-Smith-Enzo-Catellani.jpg","type":"image\/jpeg"}],"twitter_card":"summary_large_image","twitter_site":"@socialdesignmag","twitter_misc":{"Tempo di lettura stimato":"1 minuto"},"schema":{"@context":"https:\/\/schema.org","@graph":[{"@type":"WebPage","@id":"https:\/\/socialdesignmagazine.com\/mag\/products-selection\/product\/lampada-da-tavolo-postkrisi-10-malagolina-led-h-42-cm-oro-by-catellani-smith\/","url":"https:\/\/socialdesignmagazine.com\/mag\/products-selection\/product\/lampada-da-tavolo-postkrisi-10-malagolina-led-h-42-cm-oro-by-catellani-smith\/","name":"Lampada Da Tavolo PostKrisi 10 Malagolina - LED \/ H 42 cm Oro by Catellani & Smith - SDM Product Selection","isPartOf":{"@id":"https:\/\/socialdesignmagazine.com\/mag\/products-selection\/#website"},"primaryImageOfPage":{"@id":"https:\/\/socialdesignmagazine.com\/mag\/products-selection\/product\/lampada-da-tavolo-postkrisi-10-malagolina-led-h-42-cm-oro-by-catellani-smith\/#primaryimage"},"image":{"@id":"https:\/\/socialdesignmagazine.com\/mag\/products-selection\/product\/lampada-da-tavolo-postkrisi-10-malagolina-led-h-42-cm-oro-by-catellani-smith\/#primaryimage"},"thumbnailUrl":"https:\/\/socialdesignmagazine.com\/mag\/products-selection\/wp-content\/uploads\/sites\/2\/2020\/12\/Lampada-Da-Tavolo-PostKrisi-10-Malagolina-LED-H-42-cm-Oro-Catellani-Smith-Enzo-Catellani.jpg","datePublished":"2019-08-24T22:21:58+00:00","dateModified":"2021-08-02T19:39:19+00:00","description":"La lampada PostKrisi rivela la fascinazione del designer Enzo Catellani per la fibra di vetro.","breadcrumb":{"@id":"https:\/\/socialdesignmagazine.com\/mag\/products-selection\/product\/lampada-da-tavolo-postkrisi-10-malagolina-led-h-42-cm-oro-by-catellani-smith\/#breadcrumb"},"inLanguage":"it-IT","potentialAction":[{"@type":"ReadAction","target":["https:\/\/socialdesignmagazine.com\/mag\/products-selection\/product\/lampada-da-tavolo-postkrisi-10-malagolina-led-h-42-cm-oro-by-catellani-smith\/"]}]},{"@type":"ImageObject","inLanguage":"it-IT","@id":"https:\/\/socialdesignmagazine.com\/mag\/products-selection\/product\/lampada-da-tavolo-postkrisi-10-malagolina-led-h-42-cm-oro-by-catellani-smith\/#primaryimage","url":"https:\/\/socialdesignmagazine.com\/mag\/products-selection\/wp-content\/uploads\/sites\/2\/2020\/12\/Lampada-Da-Tavolo-PostKrisi-10-Malagolina-LED-H-42-cm-Oro-Catellani-Smith-Enzo-Catellani.jpg","contentUrl":"https:\/\/socialdesignmagazine.com\/mag\/products-selection\/wp-content\/uploads\/sites\/2\/2020\/12\/Lampada-Da-Tavolo-PostKrisi-10-Malagolina-LED-H-42-cm-Oro-Catellani-Smith-Enzo-Catellani.jpg","width":2143,"height":2143,"caption":"Lampada Da Tavolo PostKrisi 10 Malagolina - LED \/ H 42 cm Oro Catellani & Smith Enzo Catellani"},{"@type":"BreadcrumbList","@id":"https:\/\/socialdesignmagazine.com\/mag\/products-selection\/product\/lampada-da-tavolo-postkrisi-10-malagolina-led-h-42-cm-oro-by-catellani-smith\/#breadcrumb","itemListElement":[{"@type":"ListItem","position":1,"name":"Home","item":"https:\/\/socialdesignmagazine.com\/mag\/products-selection\/"},{"@type":"ListItem","position":2,"name":"Tutti i prodotti","item":"https:\/\/socialdesignmagazine.com\/mag\/products-selection\/tutti-i-prodotti\/"},{"@type":"ListItem","position":3,"name":"Lampada Da Tavolo PostKrisi 10 Malagolina &#8211; LED \/ H 42 cm Oro by Catellani &#038; Smith"}]},{"@type":"WebSite","@id":"https:\/\/socialdesignmagazine.com\/mag\/products-selection\/#website","url":"https:\/\/socialdesignmagazine.com\/mag\/products-selection\/","name":"SDM Product Selection","description":"Una selezioni di prodotti dei brand pi\u00f9 interessanti per arredare e progettare","publisher":{"@id":"https:\/\/socialdesignmagazine.com\/mag\/products-selection\/#organization"},"potentialAction":[{"@type":"SearchAction","target":{"@type":"EntryPoint","urlTemplate":"https:\/\/socialdesignmagazine.com\/mag\/products-selection\/?s={search_term_string}"},"query-input":{"@type":"PropertyValueSpecification","valueRequired":true,"valueName":"search_term_string"}}],"inLanguage":"it-IT"},{"@type":"Organization","@id":"https:\/\/socialdesignmagazine.com\/mag\/products-selection\/#organization","name":"Social Design Magazine","url":"https:\/\/socialdesignmagazine.com\/mag\/products-selection\/","logo":{"@type":"ImageObject","inLanguage":"it-IT","@id":"https:\/\/socialdesignmagazine.com\/mag\/products-selection\/#\/schema\/logo\/image\/","url":"https:\/\/socialdesignmagazine.com\/mag\/products-selection\/wp-content\/uploads\/sites\/2\/2015\/05\/social-design-magazine-logo.png","contentUrl":"https:\/\/socialdesignmagazine.com\/mag\/products-selection\/wp-content\/uploads\/sites\/2\/2015\/05\/social-design-magazine-logo.png","width":251,"height":101,"caption":"Social Design Magazine"},"image":{"@id":"https:\/\/socialdesignmagazine.com\/mag\/products-selection\/#\/schema\/logo\/image\/"},"sameAs":["https:\/\/www.facebook.com\/socialdesignmag","https:\/\/x.com\/socialdesignmag","http:\/\/instagram.com\/social_design_magazine\/","http:\/\/pinterest.com\/socialdesignmag\/","http:\/\/www.youtube.com\/user\/socialdesignmagazine"]}]}},"jetpack_publicize_connections":[],"jetpack_sharing_enabled":true,"brands":[{"id":1511,"name":"Catellani &amp; Smith","slug":"catellani-smith"}],"_links":{"self":[{"href":"https:\/\/socialdesignmagazine.com\/mag\/products-selection\/wp-json\/wp\/v2\/product\/84934","targetHints":{"allow":["GET"]}}],"collection":[{"href":"https:\/\/socialdesignmagazine.com\/mag\/products-selection\/wp-json\/wp\/v2\/product"}],"about":[{"href":"https:\/\/socialdesignmagazine.com\/mag\/products-selection\/wp-json\/wp\/v2\/types\/product"}],"wp:featuredmedia":[{"embeddable":true,"href":"https:\/\/socialdesignmagazine.com\/mag\/products-selection\/wp-json\/wp\/v2\/media\/136852"}],"wp:attachment":[{"href":"https:\/\/socialdesignmagazine.com\/mag\/products-selection\/wp-json\/wp\/v2\/media?parent=84934"}],"wp:term":[{"taxonomy":"pwb-brand","embeddable":true,"href":"https:\/\/socialdesignmagazine.com\/mag\/products-selection\/wp-json\/wp\/v2\/pwb-brand?post=84934"},{"taxonomy":"product_brand","embeddable":true,"href":"https:\/\/socialdesignmagazine.com\/mag\/products-selection\/wp-json\/wp\/v2\/product_brand?post=84934"},{"taxonomy":"product_cat","embeddable":true,"href":"https:\/\/socialdesignmagazine.com\/mag\/products-selection\/wp-json\/wp\/v2\/product_cat?post=84934"},{"taxonomy":"product_tag","embeddable":true,"href":"https:\/\/socialdesignmagazine.com\/mag\/products-selection\/wp-json\/wp\/v2\/product_tag?post=84934"}],"curies":[{"name":"wp","href":"https:\/\/api.w.org\/{rel}","templated":true}]}}