{"id":85058,"date":"2019-08-26T01:08:59","date_gmt":"2019-08-25T23:08:59","guid":{"rendered":"https:\/\/socialdesignmagazine.com\/mag\/products-selection\/?post_type=product&#038;p=85058"},"modified":"2023-11-20T00:16:14","modified_gmt":"2023-11-19T23:16:14","slug":"lampada-da-tavolo-tatou-h-50-cm-bianco-design-patricia-urquiola-for-flos","status":"publish","type":"product","link":"https:\/\/socialdesignmagazine.com\/mag\/products-selection\/product\/lampada-da-tavolo-tatou-h-50-cm-bianco-design-patricia-urquiola-for-flos\/","title":{"rendered":"Lampada Da Tavolo Tatou &#8211; H 50 cm Bianco design Patricia Urquiola for Flos"},"content":{"rendered":"<p>Per creare la collezione Tatou, Patricia Urquiola si \u00e8 ispirata alle armature giapponesi: un insieme di fibbie metalliche accuratamente legate con dei nastri. Questa costruzione \u00e8 stata semplificata per dare vita ad una linea di paralumi in tre dimensioni, prodotta in serie ma con forte impronta artigianale. Il nome \u00abTatou\u00bb (che in francese significa armadillo) \u00e8 stato scelto da Patricia Urquiola pensando all&#8217;animale conosciuto per la sua pelle a placche sovrapposte. Il paralume della collezione Tatou gioca su un effetto di pieni e vuoti, trasparenze e opacit\u00e0. Traforata, emette una luce diretta, orientata al tempo stesso verso il basso e verso l&#8217;alto, proiettando a terra e a parete le delicate ombre. Il policarbonato e il metacrilato sono stati selezionati per la loro grande interazione con la luce. Frutto di una lunga ricerca, questi polimeri rilavorati accuratamente acquisiscono un aspetto prezioso e una brillantezza straordinaria. Questa lampada da tavolo Tatou (H 50 cm) \u00e8 disponibile in bianco, nero e grigio-ocra. Avete la possibilit\u00e0 di modulare l&#8217;intensit\u00e0 della luce grazie ad un variatore di intensit\u00e0 posizionato sul cavo. La collezione Tatou comprende due sospensioni (\u00d8 28 e 50 cm), una lampada da tavolo e un lampadario. Lampadina alogena (non in dotazione): 1 x 60W max G9 ES &#8211; Cavo di alimentazione: L 150 cm &#8211; Dimmer elettronico su cavo per regolare l&#8217;intensit\u00e0 luminosa<\/p>\n","protected":false},"excerpt":{"rendered":"<p>Per creare la collezione Tatou, Patricia Urquiola si \u00e8 ispirata alle armature giapponesi: un insieme di fibbie metalliche accuratamente legate con dei nastri.<\/p>\n","protected":false},"featured_media":141027,"template":"","meta":{"_acf_changed":false,"jetpack_post_was_ever_published":false,"jetpack_publicize_message":"","jetpack_publicize_feature_enabled":true,"jetpack_social_post_already_shared":false,"jetpack_social_options":{"image_generator_settings":{"template":"highway","default_image_id":0,"font":"","enabled":false},"version":2}},"pwb-brand":[1427],"product_brand":[],"product_cat":[607,312,313,678],"product_tag":[101],"class_list":{"0":"post-85058","1":"product","2":"type-product","3":"status-publish","4":"has-post-thumbnail","6":"pwb-brand-flos","7":"product_cat-designers","8":"product_cat-illuminazione","9":"product_cat-lampada-da-tavolo-illuminazione","10":"product_cat-patricia-urquiola","11":"product_tag-lampada-da-tavolo","12":"pa_altezza-500-mm","13":"pa_colore-bianco","14":"pa_designer-patricia-urquiola","15":"pa_downloads-2d","16":"pa_downloads-3d","17":"pa_downloads-pdf","18":"pa_larghezza-280-mm","19":"pa_materiale-metacrilato","20":"pa_materiale-policarbonato","21":"pa_produttore-flos","22":"pa_profondita-280-mm","23":"pa_serie-tatou","24":"pa_tipo-di-prodotto-lampada-da-tavolo","26":"first","27":"instock","28":"product-type-external"},"acf":[],"yoast_head":"<!-- This site is optimized with the Yoast SEO plugin v27.2 - https:\/\/yoast.com\/product\/yoast-seo-wordpress\/ -->\n<title>Lampada Da Tavolo Tatou - H 50 cm Bianco design Patricia Urquiola for Flos - SDM Product Selection<\/title>\n<meta name=\"description\" content=\"Per creare la collezione Tatou, Patricia Urquiola si \u00e8 ispirata alle armature giapponesi: un insieme di fibbie metalliche accuratamente legate con dei nastri.\" \/>\n<meta name=\"robots\" content=\"index, follow, max-snippet:-1, max-image-preview:large, max-video-preview:-1\" \/>\n<link rel=\"canonical\" href=\"https:\/\/socialdesignmagazine.com\/mag\/products-selection\/product\/lampada-da-tavolo-tatou-h-50-cm-bianco-design-patricia-urquiola-for-flos\/\" \/>\n<meta property=\"og:locale\" content=\"it_IT\" \/>\n<meta property=\"og:type\" content=\"article\" \/>\n<meta property=\"og:title\" content=\"Lampada Da Tavolo Tatou - H 50 cm Bianco design Patricia Urquiola for Flos - SDM Product Selection\" \/>\n<meta property=\"og:description\" content=\"Per creare la collezione Tatou, Patricia Urquiola si \u00e8 ispirata alle armature giapponesi: un insieme di fibbie metalliche accuratamente legate con dei nastri.\" \/>\n<meta property=\"og:url\" content=\"https:\/\/socialdesignmagazine.com\/mag\/products-selection\/product\/lampada-da-tavolo-tatou-h-50-cm-bianco-design-patricia-urquiola-for-flos\/\" \/>\n<meta property=\"og:site_name\" content=\"SDM Product Selection\" \/>\n<meta property=\"article:publisher\" content=\"https:\/\/www.facebook.com\/socialdesignmag\" \/>\n<meta property=\"article:modified_time\" content=\"2023-11-19T23:16:14+00:00\" \/>\n<meta property=\"og:image\" content=\"https:\/\/socialdesignmagazine.com\/mag\/products-selection\/wp-content\/uploads\/sites\/2\/2023\/02\/Lampada-Da-Tavolo-Tatou-H-50-cm-Bianco-Flos-Patricia-Urquiola-scaled.jpg\" \/>\n\t<meta property=\"og:image:width\" content=\"1421\" \/>\n\t<meta property=\"og:image:height\" content=\"2560\" \/>\n\t<meta property=\"og:image:type\" content=\"image\/jpeg\" \/>\n<meta name=\"twitter:card\" content=\"summary_large_image\" \/>\n<meta name=\"twitter:site\" content=\"@socialdesignmag\" \/>\n<meta name=\"twitter:label1\" content=\"Tempo di lettura stimato\" \/>\n\t<meta name=\"twitter:data1\" content=\"1 minuto\" \/>\n<script type=\"application\/ld+json\" class=\"yoast-schema-graph\">{\"@context\":\"https:\/\/schema.org\",\"@graph\":[{\"@type\":\"WebPage\",\"@id\":\"https:\/\/socialdesignmagazine.com\/mag\/products-selection\/product\/lampada-da-tavolo-tatou-h-50-cm-bianco-design-patricia-urquiola-for-flos\/\",\"url\":\"https:\/\/socialdesignmagazine.com\/mag\/products-selection\/product\/lampada-da-tavolo-tatou-h-50-cm-bianco-design-patricia-urquiola-for-flos\/\",\"name\":\"Lampada Da Tavolo Tatou - H 50 cm Bianco design Patricia Urquiola for Flos - SDM Product Selection\",\"isPartOf\":{\"@id\":\"https:\/\/socialdesignmagazine.com\/mag\/products-selection\/#website\"},\"primaryImageOfPage\":{\"@id\":\"https:\/\/socialdesignmagazine.com\/mag\/products-selection\/product\/lampada-da-tavolo-tatou-h-50-cm-bianco-design-patricia-urquiola-for-flos\/#primaryimage\"},\"image\":{\"@id\":\"https:\/\/socialdesignmagazine.com\/mag\/products-selection\/product\/lampada-da-tavolo-tatou-h-50-cm-bianco-design-patricia-urquiola-for-flos\/#primaryimage\"},\"thumbnailUrl\":\"https:\/\/socialdesignmagazine.com\/mag\/products-selection\/wp-content\/uploads\/sites\/2\/2023\/02\/Lampada-Da-Tavolo-Tatou-H-50-cm-Bianco-Flos-Patricia-Urquiola-scaled.jpg\",\"datePublished\":\"2019-08-25T23:08:59+00:00\",\"dateModified\":\"2023-11-19T23:16:14+00:00\",\"description\":\"Per creare la collezione Tatou, Patricia Urquiola si \u00e8 ispirata alle armature giapponesi: un insieme di fibbie metalliche accuratamente legate con dei nastri.\",\"breadcrumb\":{\"@id\":\"https:\/\/socialdesignmagazine.com\/mag\/products-selection\/product\/lampada-da-tavolo-tatou-h-50-cm-bianco-design-patricia-urquiola-for-flos\/#breadcrumb\"},\"inLanguage\":\"it-IT\",\"potentialAction\":[{\"@type\":\"ReadAction\",\"target\":[\"https:\/\/socialdesignmagazine.com\/mag\/products-selection\/product\/lampada-da-tavolo-tatou-h-50-cm-bianco-design-patricia-urquiola-for-flos\/\"]}]},{\"@type\":\"ImageObject\",\"inLanguage\":\"it-IT\",\"@id\":\"https:\/\/socialdesignmagazine.com\/mag\/products-selection\/product\/lampada-da-tavolo-tatou-h-50-cm-bianco-design-patricia-urquiola-for-flos\/#primaryimage\",\"url\":\"https:\/\/socialdesignmagazine.com\/mag\/products-selection\/wp-content\/uploads\/sites\/2\/2023\/02\/Lampada-Da-Tavolo-Tatou-H-50-cm-Bianco-Flos-Patricia-Urquiola-scaled.jpg\",\"contentUrl\":\"https:\/\/socialdesignmagazine.com\/mag\/products-selection\/wp-content\/uploads\/sites\/2\/2023\/02\/Lampada-Da-Tavolo-Tatou-H-50-cm-Bianco-Flos-Patricia-Urquiola-scaled.jpg\",\"width\":1421,\"height\":2560,\"caption\":\"Lampada Da Tavolo Tatou - H 50 cm Bianco Flos Patricia Urquiola\"},{\"@type\":\"BreadcrumbList\",\"@id\":\"https:\/\/socialdesignmagazine.com\/mag\/products-selection\/product\/lampada-da-tavolo-tatou-h-50-cm-bianco-design-patricia-urquiola-for-flos\/#breadcrumb\",\"itemListElement\":[{\"@type\":\"ListItem\",\"position\":1,\"name\":\"Home\",\"item\":\"https:\/\/socialdesignmagazine.com\/mag\/products-selection\/\"},{\"@type\":\"ListItem\",\"position\":2,\"name\":\"Tutti i prodotti\",\"item\":\"https:\/\/socialdesignmagazine.com\/mag\/products-selection\/tutti-i-prodotti\/\"},{\"@type\":\"ListItem\",\"position\":3,\"name\":\"Lampada Da Tavolo Tatou &#8211; H 50 cm Bianco design Patricia Urquiola for Flos\"}]},{\"@type\":\"WebSite\",\"@id\":\"https:\/\/socialdesignmagazine.com\/mag\/products-selection\/#website\",\"url\":\"https:\/\/socialdesignmagazine.com\/mag\/products-selection\/\",\"name\":\"SDM Product Selection\",\"description\":\"Una selezioni di prodotti dei brand pi\u00f9 interessanti per arredare e progettare\",\"publisher\":{\"@id\":\"https:\/\/socialdesignmagazine.com\/mag\/products-selection\/#organization\"},\"potentialAction\":[{\"@type\":\"SearchAction\",\"target\":{\"@type\":\"EntryPoint\",\"urlTemplate\":\"https:\/\/socialdesignmagazine.com\/mag\/products-selection\/?s={search_term_string}\"},\"query-input\":{\"@type\":\"PropertyValueSpecification\",\"valueRequired\":true,\"valueName\":\"search_term_string\"}}],\"inLanguage\":\"it-IT\"},{\"@type\":\"Organization\",\"@id\":\"https:\/\/socialdesignmagazine.com\/mag\/products-selection\/#organization\",\"name\":\"Social Design Magazine\",\"url\":\"https:\/\/socialdesignmagazine.com\/mag\/products-selection\/\",\"logo\":{\"@type\":\"ImageObject\",\"inLanguage\":\"it-IT\",\"@id\":\"https:\/\/socialdesignmagazine.com\/mag\/products-selection\/#\/schema\/logo\/image\/\",\"url\":\"https:\/\/socialdesignmagazine.com\/mag\/products-selection\/wp-content\/uploads\/sites\/2\/2015\/05\/social-design-magazine-logo.png\",\"contentUrl\":\"https:\/\/socialdesignmagazine.com\/mag\/products-selection\/wp-content\/uploads\/sites\/2\/2015\/05\/social-design-magazine-logo.png\",\"width\":251,\"height\":101,\"caption\":\"Social Design Magazine\"},\"image\":{\"@id\":\"https:\/\/socialdesignmagazine.com\/mag\/products-selection\/#\/schema\/logo\/image\/\"},\"sameAs\":[\"https:\/\/www.facebook.com\/socialdesignmag\",\"https:\/\/x.com\/socialdesignmag\",\"http:\/\/instagram.com\/social_design_magazine\/\",\"http:\/\/pinterest.com\/socialdesignmag\/\",\"http:\/\/www.youtube.com\/user\/socialdesignmagazine\"]}]}<\/script>\n<!-- \/ Yoast SEO plugin. -->","yoast_head_json":{"title":"Lampada Da Tavolo Tatou - H 50 cm Bianco design Patricia Urquiola for Flos - SDM Product Selection","description":"Per creare la collezione Tatou, Patricia Urquiola si \u00e8 ispirata alle armature giapponesi: un insieme di fibbie metalliche accuratamente legate con dei nastri.","robots":{"index":"index","follow":"follow","max-snippet":"max-snippet:-1","max-image-preview":"max-image-preview:large","max-video-preview":"max-video-preview:-1"},"canonical":"https:\/\/socialdesignmagazine.com\/mag\/products-selection\/product\/lampada-da-tavolo-tatou-h-50-cm-bianco-design-patricia-urquiola-for-flos\/","og_locale":"it_IT","og_type":"article","og_title":"Lampada Da Tavolo Tatou - H 50 cm Bianco design Patricia Urquiola for Flos - SDM Product Selection","og_description":"Per creare la collezione Tatou, Patricia Urquiola si \u00e8 ispirata alle armature giapponesi: un insieme di fibbie metalliche accuratamente legate con dei nastri.","og_url":"https:\/\/socialdesignmagazine.com\/mag\/products-selection\/product\/lampada-da-tavolo-tatou-h-50-cm-bianco-design-patricia-urquiola-for-flos\/","og_site_name":"SDM Product Selection","article_publisher":"https:\/\/www.facebook.com\/socialdesignmag","article_modified_time":"2023-11-19T23:16:14+00:00","og_image":[{"width":1421,"height":2560,"url":"https:\/\/socialdesignmagazine.com\/mag\/products-selection\/wp-content\/uploads\/sites\/2\/2023\/02\/Lampada-Da-Tavolo-Tatou-H-50-cm-Bianco-Flos-Patricia-Urquiola-scaled.jpg","type":"image\/jpeg"}],"twitter_card":"summary_large_image","twitter_site":"@socialdesignmag","twitter_misc":{"Tempo di lettura stimato":"1 minuto"},"schema":{"@context":"https:\/\/schema.org","@graph":[{"@type":"WebPage","@id":"https:\/\/socialdesignmagazine.com\/mag\/products-selection\/product\/lampada-da-tavolo-tatou-h-50-cm-bianco-design-patricia-urquiola-for-flos\/","url":"https:\/\/socialdesignmagazine.com\/mag\/products-selection\/product\/lampada-da-tavolo-tatou-h-50-cm-bianco-design-patricia-urquiola-for-flos\/","name":"Lampada Da Tavolo Tatou - H 50 cm Bianco design Patricia Urquiola for Flos - SDM Product Selection","isPartOf":{"@id":"https:\/\/socialdesignmagazine.com\/mag\/products-selection\/#website"},"primaryImageOfPage":{"@id":"https:\/\/socialdesignmagazine.com\/mag\/products-selection\/product\/lampada-da-tavolo-tatou-h-50-cm-bianco-design-patricia-urquiola-for-flos\/#primaryimage"},"image":{"@id":"https:\/\/socialdesignmagazine.com\/mag\/products-selection\/product\/lampada-da-tavolo-tatou-h-50-cm-bianco-design-patricia-urquiola-for-flos\/#primaryimage"},"thumbnailUrl":"https:\/\/socialdesignmagazine.com\/mag\/products-selection\/wp-content\/uploads\/sites\/2\/2023\/02\/Lampada-Da-Tavolo-Tatou-H-50-cm-Bianco-Flos-Patricia-Urquiola-scaled.jpg","datePublished":"2019-08-25T23:08:59+00:00","dateModified":"2023-11-19T23:16:14+00:00","description":"Per creare la collezione Tatou, Patricia Urquiola si \u00e8 ispirata alle armature giapponesi: un insieme di fibbie metalliche accuratamente legate con dei nastri.","breadcrumb":{"@id":"https:\/\/socialdesignmagazine.com\/mag\/products-selection\/product\/lampada-da-tavolo-tatou-h-50-cm-bianco-design-patricia-urquiola-for-flos\/#breadcrumb"},"inLanguage":"it-IT","potentialAction":[{"@type":"ReadAction","target":["https:\/\/socialdesignmagazine.com\/mag\/products-selection\/product\/lampada-da-tavolo-tatou-h-50-cm-bianco-design-patricia-urquiola-for-flos\/"]}]},{"@type":"ImageObject","inLanguage":"it-IT","@id":"https:\/\/socialdesignmagazine.com\/mag\/products-selection\/product\/lampada-da-tavolo-tatou-h-50-cm-bianco-design-patricia-urquiola-for-flos\/#primaryimage","url":"https:\/\/socialdesignmagazine.com\/mag\/products-selection\/wp-content\/uploads\/sites\/2\/2023\/02\/Lampada-Da-Tavolo-Tatou-H-50-cm-Bianco-Flos-Patricia-Urquiola-scaled.jpg","contentUrl":"https:\/\/socialdesignmagazine.com\/mag\/products-selection\/wp-content\/uploads\/sites\/2\/2023\/02\/Lampada-Da-Tavolo-Tatou-H-50-cm-Bianco-Flos-Patricia-Urquiola-scaled.jpg","width":1421,"height":2560,"caption":"Lampada Da Tavolo Tatou - H 50 cm Bianco Flos Patricia Urquiola"},{"@type":"BreadcrumbList","@id":"https:\/\/socialdesignmagazine.com\/mag\/products-selection\/product\/lampada-da-tavolo-tatou-h-50-cm-bianco-design-patricia-urquiola-for-flos\/#breadcrumb","itemListElement":[{"@type":"ListItem","position":1,"name":"Home","item":"https:\/\/socialdesignmagazine.com\/mag\/products-selection\/"},{"@type":"ListItem","position":2,"name":"Tutti i prodotti","item":"https:\/\/socialdesignmagazine.com\/mag\/products-selection\/tutti-i-prodotti\/"},{"@type":"ListItem","position":3,"name":"Lampada Da Tavolo Tatou &#8211; H 50 cm Bianco design Patricia Urquiola for Flos"}]},{"@type":"WebSite","@id":"https:\/\/socialdesignmagazine.com\/mag\/products-selection\/#website","url":"https:\/\/socialdesignmagazine.com\/mag\/products-selection\/","name":"SDM Product Selection","description":"Una selezioni di prodotti dei brand pi\u00f9 interessanti per arredare e progettare","publisher":{"@id":"https:\/\/socialdesignmagazine.com\/mag\/products-selection\/#organization"},"potentialAction":[{"@type":"SearchAction","target":{"@type":"EntryPoint","urlTemplate":"https:\/\/socialdesignmagazine.com\/mag\/products-selection\/?s={search_term_string}"},"query-input":{"@type":"PropertyValueSpecification","valueRequired":true,"valueName":"search_term_string"}}],"inLanguage":"it-IT"},{"@type":"Organization","@id":"https:\/\/socialdesignmagazine.com\/mag\/products-selection\/#organization","name":"Social Design Magazine","url":"https:\/\/socialdesignmagazine.com\/mag\/products-selection\/","logo":{"@type":"ImageObject","inLanguage":"it-IT","@id":"https:\/\/socialdesignmagazine.com\/mag\/products-selection\/#\/schema\/logo\/image\/","url":"https:\/\/socialdesignmagazine.com\/mag\/products-selection\/wp-content\/uploads\/sites\/2\/2015\/05\/social-design-magazine-logo.png","contentUrl":"https:\/\/socialdesignmagazine.com\/mag\/products-selection\/wp-content\/uploads\/sites\/2\/2015\/05\/social-design-magazine-logo.png","width":251,"height":101,"caption":"Social Design Magazine"},"image":{"@id":"https:\/\/socialdesignmagazine.com\/mag\/products-selection\/#\/schema\/logo\/image\/"},"sameAs":["https:\/\/www.facebook.com\/socialdesignmag","https:\/\/x.com\/socialdesignmag","http:\/\/instagram.com\/social_design_magazine\/","http:\/\/pinterest.com\/socialdesignmag\/","http:\/\/www.youtube.com\/user\/socialdesignmagazine"]}]}},"jetpack_publicize_connections":[],"jetpack_sharing_enabled":true,"brands":[{"id":1427,"name":"Flos","slug":"flos"}],"_links":{"self":[{"href":"https:\/\/socialdesignmagazine.com\/mag\/products-selection\/wp-json\/wp\/v2\/product\/85058","targetHints":{"allow":["GET"]}}],"collection":[{"href":"https:\/\/socialdesignmagazine.com\/mag\/products-selection\/wp-json\/wp\/v2\/product"}],"about":[{"href":"https:\/\/socialdesignmagazine.com\/mag\/products-selection\/wp-json\/wp\/v2\/types\/product"}],"wp:featuredmedia":[{"embeddable":true,"href":"https:\/\/socialdesignmagazine.com\/mag\/products-selection\/wp-json\/wp\/v2\/media\/141027"}],"wp:attachment":[{"href":"https:\/\/socialdesignmagazine.com\/mag\/products-selection\/wp-json\/wp\/v2\/media?parent=85058"}],"wp:term":[{"taxonomy":"pwb-brand","embeddable":true,"href":"https:\/\/socialdesignmagazine.com\/mag\/products-selection\/wp-json\/wp\/v2\/pwb-brand?post=85058"},{"taxonomy":"product_brand","embeddable":true,"href":"https:\/\/socialdesignmagazine.com\/mag\/products-selection\/wp-json\/wp\/v2\/product_brand?post=85058"},{"taxonomy":"product_cat","embeddable":true,"href":"https:\/\/socialdesignmagazine.com\/mag\/products-selection\/wp-json\/wp\/v2\/product_cat?post=85058"},{"taxonomy":"product_tag","embeddable":true,"href":"https:\/\/socialdesignmagazine.com\/mag\/products-selection\/wp-json\/wp\/v2\/product_tag?post=85058"}],"curies":[{"name":"wp","href":"https:\/\/api.w.org\/{rel}","templated":true}]}}