{"id":87730,"date":"2019-08-31T21:26:06","date_gmt":"2019-08-31T19:26:06","guid":{"rendered":"https:\/\/socialdesignmagazine.com\/mag\/products-selection\/?post_type=product&#038;p=87730"},"modified":"2023-11-20T00:20:19","modified_gmt":"2023-11-19T23:20:19","slug":"lampada-da-tavolo-bon-jour-versailles-large-led-h-42-cm-trasparenterame-design-philippe-starck-for-flos","status":"publish","type":"product","link":"https:\/\/socialdesignmagazine.com\/mag\/products-selection\/product\/lampada-da-tavolo-bon-jour-versailles-large-led-h-42-cm-trasparenterame-design-philippe-starck-for-flos\/","title":{"rendered":"Lampada Da Tavolo Bon Jour Versailles Large &#8211; \/ LED &#8211; H 42 cm Trasparente|Rame design Philippe Starck for Flos"},"content":{"rendered":"<p>Erede della lampada &#8220;Bon Jour&#8221; di Philippe Starck e della lampada &#8220;Versailles&#8221; creato dalla cristalleria Baccarat, questa lampada rivela delle linee senza tempo, di un&#8217;ineffabile leggerezza e di una modernit\u00e0 empirica. Bon Jour Versailles ricorda la nostra memoria collettiva di ieri, di oggi e di domani. Il piede della lampada \u00e8 realizzato in PMMA finemente cesellato. Le forme barocche e lavorate ricordano gli elementi pi\u00f9 iconici della Maison Baccarat. Lo stile classico del piede \u00e8 totalmente modernizzato dal materiale plastico e dalla trasparenza totale. Il piede \u00e8 sormontato da un paralume moderno e minimal, ugualmente realizzato in PMMA trasparente. La silhouette totalmente trasparente ed eterea della lampada \u00e8 caratterizzata da una nota metallizata ultra chic che abbelisce il paralume come un prezioso bijou. Grazie alla rivoluzionaria tecnologia \u2019\u2019Edge Lighting\u2019\u2019, la sorgente di luce LED ultra piatta \u00e8 quasi invisibile. Questo disco luminoso ultra sottile \u00e8 posto sotto il cappello del paralume. Esalta pienamente le capacit\u00e0 del LED con uno spessore minimo e garantisce una luce perfettamente uniforme, un comfort visivo elevato, una performance e un&#8217;efficacia ottimali. L&#8217;elegante cavo in tessuto bianco integrato nel piede, attraversa la lampada da parte a parte. Il design minimal unico del variatore posto sul cavo permette un controllo totale dell&#8217;intensit\u00e0 della luce con un solo clic. Sorgente LED Tecnologia Edge Lighting integrata (non sostituibile): 13W, 2700K, 900lm, CRI90 &#8211; Variatore su cavo (10-100%) &#8211; Luce diffusa<\/p>\n","protected":false},"excerpt":{"rendered":"<p>Erede della lampada &#8220;Bon Jour&#8221; di Philippe Starck e della lampada &#8220;Versailles&#8221; creato dalla cristalleria Baccarat, questa lampada rivela delle linee senza tempo, di un&#8217;ineffabile leggerezza e di una modernit\u00e0 empirica.<\/p>\n","protected":false},"featured_media":141220,"template":"","meta":{"_acf_changed":false,"jetpack_post_was_ever_published":false,"jetpack_publicize_message":"","jetpack_publicize_feature_enabled":true,"jetpack_social_post_already_shared":false,"jetpack_social_options":{"image_generator_settings":{"template":"highway","default_image_id":0,"font":"","enabled":false},"version":2}},"pwb-brand":[1427],"product_brand":[],"product_cat":[607,312,313,746],"product_tag":[101],"class_list":{"0":"post-87730","1":"product","2":"type-product","3":"status-publish","4":"has-post-thumbnail","6":"pwb-brand-flos","7":"product_cat-designers","8":"product_cat-illuminazione","9":"product_cat-lampada-da-tavolo-illuminazione","10":"product_cat-philippe-starck","11":"product_tag-lampada-da-tavolo","12":"pa_altezza-420-mm","13":"pa_colore-rame","14":"pa_colore-trasparente","15":"pa_designer-philippe-starck","16":"pa_downloads-pdf","17":"pa_larghezza-315-mm","18":"pa_materiale-pmma","19":"pa_produttore-flos","20":"pa_profondita-315-mm","21":"pa_serie-bon-jour","22":"pa_tipo-di-prodotto-lampada-da-tavolo","24":"first","25":"instock","26":"product-type-external"},"acf":[],"yoast_head":"<!-- This site is optimized with the Yoast SEO plugin v27.2 - https:\/\/yoast.com\/product\/yoast-seo-wordpress\/ -->\n<title>Lampada Da Tavolo Bon Jour Versailles Large - \/ LED - H 42 cm Trasparente|Rame design Philippe Starck for Flos - SDM Product Selection<\/title>\n<meta name=\"description\" content=\"Erede della lampada &quot;Bon Jour&quot; di Philippe Starck e della lampada &quot;Versailles&quot; creato dalla cristalleria Baccarat, questa lampada rivela delle linee senza tempo, di un&#039;ineffabile leggerezza e di una modernit\u00e0 empirica.\" \/>\n<meta name=\"robots\" content=\"index, follow, max-snippet:-1, max-image-preview:large, max-video-preview:-1\" \/>\n<link rel=\"canonical\" href=\"https:\/\/socialdesignmagazine.com\/mag\/products-selection\/product\/lampada-da-tavolo-bon-jour-versailles-large-led-h-42-cm-trasparenterame-design-philippe-starck-for-flos\/\" \/>\n<meta property=\"og:locale\" content=\"it_IT\" \/>\n<meta property=\"og:type\" content=\"article\" \/>\n<meta property=\"og:title\" content=\"Lampada Da Tavolo Bon Jour Versailles Large - \/ LED - H 42 cm Trasparente|Rame design Philippe Starck for Flos - SDM Product Selection\" \/>\n<meta property=\"og:description\" content=\"Erede della lampada &quot;Bon Jour&quot; di Philippe Starck e della lampada &quot;Versailles&quot; creato dalla cristalleria Baccarat, questa lampada rivela delle linee senza tempo, di un&#039;ineffabile leggerezza e di una modernit\u00e0 empirica.\" \/>\n<meta property=\"og:url\" content=\"https:\/\/socialdesignmagazine.com\/mag\/products-selection\/product\/lampada-da-tavolo-bon-jour-versailles-large-led-h-42-cm-trasparenterame-design-philippe-starck-for-flos\/\" \/>\n<meta property=\"og:site_name\" content=\"SDM Product Selection\" \/>\n<meta property=\"article:publisher\" content=\"https:\/\/www.facebook.com\/socialdesignmag\" \/>\n<meta property=\"article:modified_time\" content=\"2023-11-19T23:20:19+00:00\" \/>\n<meta property=\"og:image\" content=\"https:\/\/socialdesignmagazine.com\/mag\/products-selection\/wp-content\/uploads\/sites\/2\/2023\/02\/Lampada-Da-Tavolo-Bon-Jour-Versailles-Large-LED-H-42-cm-TrasparenteRame-Flos-Philippe-Starck-scaled.jpg\" \/>\n\t<meta property=\"og:image:width\" content=\"2247\" \/>\n\t<meta property=\"og:image:height\" content=\"2560\" \/>\n\t<meta property=\"og:image:type\" content=\"image\/jpeg\" \/>\n<meta name=\"twitter:card\" content=\"summary_large_image\" \/>\n<meta name=\"twitter:site\" content=\"@socialdesignmag\" \/>\n<meta name=\"twitter:label1\" content=\"Tempo di lettura stimato\" \/>\n\t<meta name=\"twitter:data1\" content=\"1 minuto\" \/>\n<script type=\"application\/ld+json\" class=\"yoast-schema-graph\">{\"@context\":\"https:\/\/schema.org\",\"@graph\":[{\"@type\":\"WebPage\",\"@id\":\"https:\/\/socialdesignmagazine.com\/mag\/products-selection\/product\/lampada-da-tavolo-bon-jour-versailles-large-led-h-42-cm-trasparenterame-design-philippe-starck-for-flos\/\",\"url\":\"https:\/\/socialdesignmagazine.com\/mag\/products-selection\/product\/lampada-da-tavolo-bon-jour-versailles-large-led-h-42-cm-trasparenterame-design-philippe-starck-for-flos\/\",\"name\":\"Lampada Da Tavolo Bon Jour Versailles Large - \/ LED - H 42 cm Trasparente|Rame design Philippe Starck for Flos - SDM Product Selection\",\"isPartOf\":{\"@id\":\"https:\/\/socialdesignmagazine.com\/mag\/products-selection\/#website\"},\"primaryImageOfPage\":{\"@id\":\"https:\/\/socialdesignmagazine.com\/mag\/products-selection\/product\/lampada-da-tavolo-bon-jour-versailles-large-led-h-42-cm-trasparenterame-design-philippe-starck-for-flos\/#primaryimage\"},\"image\":{\"@id\":\"https:\/\/socialdesignmagazine.com\/mag\/products-selection\/product\/lampada-da-tavolo-bon-jour-versailles-large-led-h-42-cm-trasparenterame-design-philippe-starck-for-flos\/#primaryimage\"},\"thumbnailUrl\":\"https:\/\/socialdesignmagazine.com\/mag\/products-selection\/wp-content\/uploads\/sites\/2\/2023\/02\/Lampada-Da-Tavolo-Bon-Jour-Versailles-Large-LED-H-42-cm-TrasparenteRame-Flos-Philippe-Starck-scaled.jpg\",\"datePublished\":\"2019-08-31T19:26:06+00:00\",\"dateModified\":\"2023-11-19T23:20:19+00:00\",\"description\":\"Erede della lampada \\\"Bon Jour\\\" di Philippe Starck e della lampada \\\"Versailles\\\" creato dalla cristalleria Baccarat, questa lampada rivela delle linee senza tempo, di un'ineffabile leggerezza e di una modernit\u00e0 empirica.\",\"breadcrumb\":{\"@id\":\"https:\/\/socialdesignmagazine.com\/mag\/products-selection\/product\/lampada-da-tavolo-bon-jour-versailles-large-led-h-42-cm-trasparenterame-design-philippe-starck-for-flos\/#breadcrumb\"},\"inLanguage\":\"it-IT\",\"potentialAction\":[{\"@type\":\"ReadAction\",\"target\":[\"https:\/\/socialdesignmagazine.com\/mag\/products-selection\/product\/lampada-da-tavolo-bon-jour-versailles-large-led-h-42-cm-trasparenterame-design-philippe-starck-for-flos\/\"]}]},{\"@type\":\"ImageObject\",\"inLanguage\":\"it-IT\",\"@id\":\"https:\/\/socialdesignmagazine.com\/mag\/products-selection\/product\/lampada-da-tavolo-bon-jour-versailles-large-led-h-42-cm-trasparenterame-design-philippe-starck-for-flos\/#primaryimage\",\"url\":\"https:\/\/socialdesignmagazine.com\/mag\/products-selection\/wp-content\/uploads\/sites\/2\/2023\/02\/Lampada-Da-Tavolo-Bon-Jour-Versailles-Large-LED-H-42-cm-TrasparenteRame-Flos-Philippe-Starck-scaled.jpg\",\"contentUrl\":\"https:\/\/socialdesignmagazine.com\/mag\/products-selection\/wp-content\/uploads\/sites\/2\/2023\/02\/Lampada-Da-Tavolo-Bon-Jour-Versailles-Large-LED-H-42-cm-TrasparenteRame-Flos-Philippe-Starck-scaled.jpg\",\"width\":2247,\"height\":2560,\"caption\":\"Lampada Da Tavolo Bon Jour Versailles Large - \/ LED - H 42 cm Trasparente|Rame Flos Philippe Starck\"},{\"@type\":\"BreadcrumbList\",\"@id\":\"https:\/\/socialdesignmagazine.com\/mag\/products-selection\/product\/lampada-da-tavolo-bon-jour-versailles-large-led-h-42-cm-trasparenterame-design-philippe-starck-for-flos\/#breadcrumb\",\"itemListElement\":[{\"@type\":\"ListItem\",\"position\":1,\"name\":\"Home\",\"item\":\"https:\/\/socialdesignmagazine.com\/mag\/products-selection\/\"},{\"@type\":\"ListItem\",\"position\":2,\"name\":\"Tutti i prodotti\",\"item\":\"https:\/\/socialdesignmagazine.com\/mag\/products-selection\/tutti-i-prodotti\/\"},{\"@type\":\"ListItem\",\"position\":3,\"name\":\"Lampada Da Tavolo Bon Jour Versailles Large &#8211; \/ LED &#8211; H 42 cm Trasparente|Rame design Philippe Starck for Flos\"}]},{\"@type\":\"WebSite\",\"@id\":\"https:\/\/socialdesignmagazine.com\/mag\/products-selection\/#website\",\"url\":\"https:\/\/socialdesignmagazine.com\/mag\/products-selection\/\",\"name\":\"SDM Product Selection\",\"description\":\"Una selezioni di prodotti dei brand pi\u00f9 interessanti per arredare e progettare\",\"publisher\":{\"@id\":\"https:\/\/socialdesignmagazine.com\/mag\/products-selection\/#organization\"},\"potentialAction\":[{\"@type\":\"SearchAction\",\"target\":{\"@type\":\"EntryPoint\",\"urlTemplate\":\"https:\/\/socialdesignmagazine.com\/mag\/products-selection\/?s={search_term_string}\"},\"query-input\":{\"@type\":\"PropertyValueSpecification\",\"valueRequired\":true,\"valueName\":\"search_term_string\"}}],\"inLanguage\":\"it-IT\"},{\"@type\":\"Organization\",\"@id\":\"https:\/\/socialdesignmagazine.com\/mag\/products-selection\/#organization\",\"name\":\"Social Design Magazine\",\"url\":\"https:\/\/socialdesignmagazine.com\/mag\/products-selection\/\",\"logo\":{\"@type\":\"ImageObject\",\"inLanguage\":\"it-IT\",\"@id\":\"https:\/\/socialdesignmagazine.com\/mag\/products-selection\/#\/schema\/logo\/image\/\",\"url\":\"https:\/\/socialdesignmagazine.com\/mag\/products-selection\/wp-content\/uploads\/sites\/2\/2015\/05\/social-design-magazine-logo.png\",\"contentUrl\":\"https:\/\/socialdesignmagazine.com\/mag\/products-selection\/wp-content\/uploads\/sites\/2\/2015\/05\/social-design-magazine-logo.png\",\"width\":251,\"height\":101,\"caption\":\"Social Design Magazine\"},\"image\":{\"@id\":\"https:\/\/socialdesignmagazine.com\/mag\/products-selection\/#\/schema\/logo\/image\/\"},\"sameAs\":[\"https:\/\/www.facebook.com\/socialdesignmag\",\"https:\/\/x.com\/socialdesignmag\",\"http:\/\/instagram.com\/social_design_magazine\/\",\"http:\/\/pinterest.com\/socialdesignmag\/\",\"http:\/\/www.youtube.com\/user\/socialdesignmagazine\"]}]}<\/script>\n<!-- \/ Yoast SEO plugin. -->","yoast_head_json":{"title":"Lampada Da Tavolo Bon Jour Versailles Large - \/ LED - H 42 cm Trasparente|Rame design Philippe Starck for Flos - SDM Product Selection","description":"Erede della lampada \"Bon Jour\" di Philippe Starck e della lampada \"Versailles\" creato dalla cristalleria Baccarat, questa lampada rivela delle linee senza tempo, di un'ineffabile leggerezza e di una modernit\u00e0 empirica.","robots":{"index":"index","follow":"follow","max-snippet":"max-snippet:-1","max-image-preview":"max-image-preview:large","max-video-preview":"max-video-preview:-1"},"canonical":"https:\/\/socialdesignmagazine.com\/mag\/products-selection\/product\/lampada-da-tavolo-bon-jour-versailles-large-led-h-42-cm-trasparenterame-design-philippe-starck-for-flos\/","og_locale":"it_IT","og_type":"article","og_title":"Lampada Da Tavolo Bon Jour Versailles Large - \/ LED - H 42 cm Trasparente|Rame design Philippe Starck for Flos - SDM Product Selection","og_description":"Erede della lampada \"Bon Jour\" di Philippe Starck e della lampada \"Versailles\" creato dalla cristalleria Baccarat, questa lampada rivela delle linee senza tempo, di un'ineffabile leggerezza e di una modernit\u00e0 empirica.","og_url":"https:\/\/socialdesignmagazine.com\/mag\/products-selection\/product\/lampada-da-tavolo-bon-jour-versailles-large-led-h-42-cm-trasparenterame-design-philippe-starck-for-flos\/","og_site_name":"SDM Product Selection","article_publisher":"https:\/\/www.facebook.com\/socialdesignmag","article_modified_time":"2023-11-19T23:20:19+00:00","og_image":[{"width":2247,"height":2560,"url":"https:\/\/socialdesignmagazine.com\/mag\/products-selection\/wp-content\/uploads\/sites\/2\/2023\/02\/Lampada-Da-Tavolo-Bon-Jour-Versailles-Large-LED-H-42-cm-TrasparenteRame-Flos-Philippe-Starck-scaled.jpg","type":"image\/jpeg"}],"twitter_card":"summary_large_image","twitter_site":"@socialdesignmag","twitter_misc":{"Tempo di lettura stimato":"1 minuto"},"schema":{"@context":"https:\/\/schema.org","@graph":[{"@type":"WebPage","@id":"https:\/\/socialdesignmagazine.com\/mag\/products-selection\/product\/lampada-da-tavolo-bon-jour-versailles-large-led-h-42-cm-trasparenterame-design-philippe-starck-for-flos\/","url":"https:\/\/socialdesignmagazine.com\/mag\/products-selection\/product\/lampada-da-tavolo-bon-jour-versailles-large-led-h-42-cm-trasparenterame-design-philippe-starck-for-flos\/","name":"Lampada Da Tavolo Bon Jour Versailles Large - \/ LED - H 42 cm Trasparente|Rame design Philippe Starck for Flos - SDM Product Selection","isPartOf":{"@id":"https:\/\/socialdesignmagazine.com\/mag\/products-selection\/#website"},"primaryImageOfPage":{"@id":"https:\/\/socialdesignmagazine.com\/mag\/products-selection\/product\/lampada-da-tavolo-bon-jour-versailles-large-led-h-42-cm-trasparenterame-design-philippe-starck-for-flos\/#primaryimage"},"image":{"@id":"https:\/\/socialdesignmagazine.com\/mag\/products-selection\/product\/lampada-da-tavolo-bon-jour-versailles-large-led-h-42-cm-trasparenterame-design-philippe-starck-for-flos\/#primaryimage"},"thumbnailUrl":"https:\/\/socialdesignmagazine.com\/mag\/products-selection\/wp-content\/uploads\/sites\/2\/2023\/02\/Lampada-Da-Tavolo-Bon-Jour-Versailles-Large-LED-H-42-cm-TrasparenteRame-Flos-Philippe-Starck-scaled.jpg","datePublished":"2019-08-31T19:26:06+00:00","dateModified":"2023-11-19T23:20:19+00:00","description":"Erede della lampada \"Bon Jour\" di Philippe Starck e della lampada \"Versailles\" creato dalla cristalleria Baccarat, questa lampada rivela delle linee senza tempo, di un'ineffabile leggerezza e di una modernit\u00e0 empirica.","breadcrumb":{"@id":"https:\/\/socialdesignmagazine.com\/mag\/products-selection\/product\/lampada-da-tavolo-bon-jour-versailles-large-led-h-42-cm-trasparenterame-design-philippe-starck-for-flos\/#breadcrumb"},"inLanguage":"it-IT","potentialAction":[{"@type":"ReadAction","target":["https:\/\/socialdesignmagazine.com\/mag\/products-selection\/product\/lampada-da-tavolo-bon-jour-versailles-large-led-h-42-cm-trasparenterame-design-philippe-starck-for-flos\/"]}]},{"@type":"ImageObject","inLanguage":"it-IT","@id":"https:\/\/socialdesignmagazine.com\/mag\/products-selection\/product\/lampada-da-tavolo-bon-jour-versailles-large-led-h-42-cm-trasparenterame-design-philippe-starck-for-flos\/#primaryimage","url":"https:\/\/socialdesignmagazine.com\/mag\/products-selection\/wp-content\/uploads\/sites\/2\/2023\/02\/Lampada-Da-Tavolo-Bon-Jour-Versailles-Large-LED-H-42-cm-TrasparenteRame-Flos-Philippe-Starck-scaled.jpg","contentUrl":"https:\/\/socialdesignmagazine.com\/mag\/products-selection\/wp-content\/uploads\/sites\/2\/2023\/02\/Lampada-Da-Tavolo-Bon-Jour-Versailles-Large-LED-H-42-cm-TrasparenteRame-Flos-Philippe-Starck-scaled.jpg","width":2247,"height":2560,"caption":"Lampada Da Tavolo Bon Jour Versailles Large - \/ LED - H 42 cm Trasparente|Rame Flos Philippe Starck"},{"@type":"BreadcrumbList","@id":"https:\/\/socialdesignmagazine.com\/mag\/products-selection\/product\/lampada-da-tavolo-bon-jour-versailles-large-led-h-42-cm-trasparenterame-design-philippe-starck-for-flos\/#breadcrumb","itemListElement":[{"@type":"ListItem","position":1,"name":"Home","item":"https:\/\/socialdesignmagazine.com\/mag\/products-selection\/"},{"@type":"ListItem","position":2,"name":"Tutti i prodotti","item":"https:\/\/socialdesignmagazine.com\/mag\/products-selection\/tutti-i-prodotti\/"},{"@type":"ListItem","position":3,"name":"Lampada Da Tavolo Bon Jour Versailles Large &#8211; \/ LED &#8211; H 42 cm Trasparente|Rame design Philippe Starck for Flos"}]},{"@type":"WebSite","@id":"https:\/\/socialdesignmagazine.com\/mag\/products-selection\/#website","url":"https:\/\/socialdesignmagazine.com\/mag\/products-selection\/","name":"SDM Product Selection","description":"Una selezioni di prodotti dei brand pi\u00f9 interessanti per arredare e progettare","publisher":{"@id":"https:\/\/socialdesignmagazine.com\/mag\/products-selection\/#organization"},"potentialAction":[{"@type":"SearchAction","target":{"@type":"EntryPoint","urlTemplate":"https:\/\/socialdesignmagazine.com\/mag\/products-selection\/?s={search_term_string}"},"query-input":{"@type":"PropertyValueSpecification","valueRequired":true,"valueName":"search_term_string"}}],"inLanguage":"it-IT"},{"@type":"Organization","@id":"https:\/\/socialdesignmagazine.com\/mag\/products-selection\/#organization","name":"Social Design Magazine","url":"https:\/\/socialdesignmagazine.com\/mag\/products-selection\/","logo":{"@type":"ImageObject","inLanguage":"it-IT","@id":"https:\/\/socialdesignmagazine.com\/mag\/products-selection\/#\/schema\/logo\/image\/","url":"https:\/\/socialdesignmagazine.com\/mag\/products-selection\/wp-content\/uploads\/sites\/2\/2015\/05\/social-design-magazine-logo.png","contentUrl":"https:\/\/socialdesignmagazine.com\/mag\/products-selection\/wp-content\/uploads\/sites\/2\/2015\/05\/social-design-magazine-logo.png","width":251,"height":101,"caption":"Social Design Magazine"},"image":{"@id":"https:\/\/socialdesignmagazine.com\/mag\/products-selection\/#\/schema\/logo\/image\/"},"sameAs":["https:\/\/www.facebook.com\/socialdesignmag","https:\/\/x.com\/socialdesignmag","http:\/\/instagram.com\/social_design_magazine\/","http:\/\/pinterest.com\/socialdesignmag\/","http:\/\/www.youtube.com\/user\/socialdesignmagazine"]}]}},"jetpack_publicize_connections":[],"jetpack_sharing_enabled":true,"brands":[{"id":1427,"name":"Flos","slug":"flos"}],"_links":{"self":[{"href":"https:\/\/socialdesignmagazine.com\/mag\/products-selection\/wp-json\/wp\/v2\/product\/87730","targetHints":{"allow":["GET"]}}],"collection":[{"href":"https:\/\/socialdesignmagazine.com\/mag\/products-selection\/wp-json\/wp\/v2\/product"}],"about":[{"href":"https:\/\/socialdesignmagazine.com\/mag\/products-selection\/wp-json\/wp\/v2\/types\/product"}],"wp:featuredmedia":[{"embeddable":true,"href":"https:\/\/socialdesignmagazine.com\/mag\/products-selection\/wp-json\/wp\/v2\/media\/141220"}],"wp:attachment":[{"href":"https:\/\/socialdesignmagazine.com\/mag\/products-selection\/wp-json\/wp\/v2\/media?parent=87730"}],"wp:term":[{"taxonomy":"pwb-brand","embeddable":true,"href":"https:\/\/socialdesignmagazine.com\/mag\/products-selection\/wp-json\/wp\/v2\/pwb-brand?post=87730"},{"taxonomy":"product_brand","embeddable":true,"href":"https:\/\/socialdesignmagazine.com\/mag\/products-selection\/wp-json\/wp\/v2\/product_brand?post=87730"},{"taxonomy":"product_cat","embeddable":true,"href":"https:\/\/socialdesignmagazine.com\/mag\/products-selection\/wp-json\/wp\/v2\/product_cat?post=87730"},{"taxonomy":"product_tag","embeddable":true,"href":"https:\/\/socialdesignmagazine.com\/mag\/products-selection\/wp-json\/wp\/v2\/product_tag?post=87730"}],"curies":[{"name":"wp","href":"https:\/\/api.w.org\/{rel}","templated":true}]}}