{"id":95159,"date":"2020-05-20T16:01:27","date_gmt":"2020-05-20T14:01:27","guid":{"rendered":"https:\/\/socialdesignmagazine.com\/mag\/products-selection\/?post_type=product&#038;p=95159"},"modified":"2020-12-08T19:18:47","modified_gmt":"2020-12-08T18:18:47","slug":"lampada-da-tavolo-amp-ottonebianco-design-simon-legald-for-normann-copenhagen","status":"publish","type":"product","link":"https:\/\/socialdesignmagazine.com\/mag\/products-selection\/product\/lampada-da-tavolo-amp-ottonebianco-design-simon-legald-for-normann-copenhagen\/","title":{"rendered":"Lampada Da Tavolo Amp Ottone|Bianco design Simon Legald for Normann Copenhagen"},"content":{"rendered":"<p>Mix di fascino retr\u00f2 ed essenzialit\u00e0 contemporanea, la lampada da tavolo Amp propone una bella associazione di materiali nobili. Si compone di un fine paralume in vetro colorato incastrato su di una base in ottone. La delicatezza del paralume, leggero come una sfera, \u00e8 controbilanciato dall&#8217;aspetto glamour e sensuale del marmo. La scelta dei materiali di qualit\u00e0, oltre alla forma lavorata del paralume, danno a questa lampada uno stile sofisticato e senza tempo, degno delle pi\u00f9 grande icone del design. La collezione di lampade \u2018\u2019Amp\u2019\u2019 \u00e8 firmata dal designer danese Simon Legald. L&#8217;idea della forma di queste lampade gli \u00e8 venuta un giorno in cui restaurava una vecchia radio degli anni &#8217;60: \u00e8 stato sedotto dal bagliore emesso dall&#8217;amplificatore a valvole. La forma ovale e semplice del paralume, oltre alla diffusione particolare della luce vi fanno apertamente referenza, cos\u00ec come il nome Amp, che riprende l&#8217;abbreviazione inglese del tubo amplificatore<\/p>\n","protected":false},"excerpt":{"rendered":"<p>La lampada da tavolo Amp propone una bella associazione di materiali nobili. Si compone di un fine paralume in vetro colorato incastrato su di una base in ottone.<\/p>\n","protected":false},"featured_media":138816,"template":"","meta":{"_acf_changed":false,"jetpack_post_was_ever_published":false,"jetpack_publicize_message":"","jetpack_publicize_feature_enabled":true,"jetpack_social_post_already_shared":false,"jetpack_social_options":{"image_generator_settings":{"template":"highway","default_image_id":0,"font":"","enabled":false},"version":2}},"pwb-brand":[1606],"product_brand":[],"product_cat":[607,312,313,1607],"product_tag":[101],"class_list":{"0":"post-95159","1":"product","2":"type-product","3":"status-publish","4":"has-post-thumbnail","6":"pwb-brand-normann-copenhagen","7":"product_cat-designers","8":"product_cat-illuminazione","9":"product_cat-lampada-da-tavolo-illuminazione","10":"product_cat-simon-legald","11":"product_tag-lampada-da-tavolo","12":"pa_altezza-265-mm","13":"pa_colore-bianco","14":"pa_colore-ottone","15":"pa_designer-simon-legald","16":"pa_downloads-2d","17":"pa_downloads-3d","18":"pa_larghezza-140-mm","19":"pa_materiale-ottone","20":"pa_materiale-vetro","21":"pa_produttore-normann-copenhagen","22":"pa_profondita-140-mm","23":"pa_serie-amp","24":"pa_tipo-di-prodotto-lampada-da-tavolo","26":"first","27":"instock","28":"product-type-external"},"acf":[],"yoast_head":"<!-- This site is optimized with the Yoast SEO plugin v27.2 - https:\/\/yoast.com\/product\/yoast-seo-wordpress\/ -->\n<title>Lampada Da Tavolo Amp Ottone|Bianco design Simon Legald for Normann Copenhagen - SDM Product Selection<\/title>\n<meta name=\"description\" content=\"La lampada da tavolo Amp propone una bella associazione di materiali nobili. Si compone di un fine paralume in vetro colorato incastrato su di una base in ottone.\" \/>\n<meta name=\"robots\" content=\"index, follow, max-snippet:-1, max-image-preview:large, max-video-preview:-1\" \/>\n<link rel=\"canonical\" href=\"https:\/\/socialdesignmagazine.com\/mag\/products-selection\/product\/lampada-da-tavolo-amp-ottonebianco-design-simon-legald-for-normann-copenhagen\/\" \/>\n<meta property=\"og:locale\" content=\"it_IT\" \/>\n<meta property=\"og:type\" content=\"article\" \/>\n<meta property=\"og:title\" content=\"Lampada Da Tavolo Amp Ottone|Bianco design Simon Legald for Normann Copenhagen - SDM Product Selection\" \/>\n<meta property=\"og:description\" content=\"La lampada da tavolo Amp propone una bella associazione di materiali nobili. Si compone di un fine paralume in vetro colorato incastrato su di una base in ottone.\" \/>\n<meta property=\"og:url\" content=\"https:\/\/socialdesignmagazine.com\/mag\/products-selection\/product\/lampada-da-tavolo-amp-ottonebianco-design-simon-legald-for-normann-copenhagen\/\" \/>\n<meta property=\"og:site_name\" content=\"SDM Product Selection\" \/>\n<meta property=\"article:publisher\" content=\"https:\/\/www.facebook.com\/socialdesignmag\" \/>\n<meta property=\"article:modified_time\" content=\"2020-12-08T18:18:47+00:00\" \/>\n<meta property=\"og:image\" content=\"https:\/\/socialdesignmagazine.com\/mag\/products-selection\/wp-content\/uploads\/sites\/2\/2020\/12\/Lampada-Da-Tavolo-Amp-OttoneBianco-Normann-Copenhagen-Simon-Legald.jpg\" \/>\n\t<meta property=\"og:image:width\" content=\"1074\" \/>\n\t<meta property=\"og:image:height\" content=\"1411\" \/>\n\t<meta property=\"og:image:type\" content=\"image\/jpeg\" \/>\n<meta name=\"twitter:card\" content=\"summary_large_image\" \/>\n<meta name=\"twitter:site\" content=\"@socialdesignmag\" \/>\n<meta name=\"twitter:label1\" content=\"Tempo di lettura stimato\" \/>\n\t<meta name=\"twitter:data1\" content=\"1 minuto\" \/>\n<script type=\"application\/ld+json\" class=\"yoast-schema-graph\">{\"@context\":\"https:\/\/schema.org\",\"@graph\":[{\"@type\":\"WebPage\",\"@id\":\"https:\/\/socialdesignmagazine.com\/mag\/products-selection\/product\/lampada-da-tavolo-amp-ottonebianco-design-simon-legald-for-normann-copenhagen\/\",\"url\":\"https:\/\/socialdesignmagazine.com\/mag\/products-selection\/product\/lampada-da-tavolo-amp-ottonebianco-design-simon-legald-for-normann-copenhagen\/\",\"name\":\"Lampada Da Tavolo Amp Ottone|Bianco design Simon Legald for Normann Copenhagen - SDM Product Selection\",\"isPartOf\":{\"@id\":\"https:\/\/socialdesignmagazine.com\/mag\/products-selection\/#website\"},\"primaryImageOfPage\":{\"@id\":\"https:\/\/socialdesignmagazine.com\/mag\/products-selection\/product\/lampada-da-tavolo-amp-ottonebianco-design-simon-legald-for-normann-copenhagen\/#primaryimage\"},\"image\":{\"@id\":\"https:\/\/socialdesignmagazine.com\/mag\/products-selection\/product\/lampada-da-tavolo-amp-ottonebianco-design-simon-legald-for-normann-copenhagen\/#primaryimage\"},\"thumbnailUrl\":\"https:\/\/socialdesignmagazine.com\/mag\/products-selection\/wp-content\/uploads\/sites\/2\/2020\/12\/Lampada-Da-Tavolo-Amp-OttoneBianco-Normann-Copenhagen-Simon-Legald.jpg\",\"datePublished\":\"2020-05-20T14:01:27+00:00\",\"dateModified\":\"2020-12-08T18:18:47+00:00\",\"description\":\"La lampada da tavolo Amp propone una bella associazione di materiali nobili. Si compone di un fine paralume in vetro colorato incastrato su di una base in ottone.\",\"breadcrumb\":{\"@id\":\"https:\/\/socialdesignmagazine.com\/mag\/products-selection\/product\/lampada-da-tavolo-amp-ottonebianco-design-simon-legald-for-normann-copenhagen\/#breadcrumb\"},\"inLanguage\":\"it-IT\",\"potentialAction\":[{\"@type\":\"ReadAction\",\"target\":[\"https:\/\/socialdesignmagazine.com\/mag\/products-selection\/product\/lampada-da-tavolo-amp-ottonebianco-design-simon-legald-for-normann-copenhagen\/\"]}]},{\"@type\":\"ImageObject\",\"inLanguage\":\"it-IT\",\"@id\":\"https:\/\/socialdesignmagazine.com\/mag\/products-selection\/product\/lampada-da-tavolo-amp-ottonebianco-design-simon-legald-for-normann-copenhagen\/#primaryimage\",\"url\":\"https:\/\/socialdesignmagazine.com\/mag\/products-selection\/wp-content\/uploads\/sites\/2\/2020\/12\/Lampada-Da-Tavolo-Amp-OttoneBianco-Normann-Copenhagen-Simon-Legald.jpg\",\"contentUrl\":\"https:\/\/socialdesignmagazine.com\/mag\/products-selection\/wp-content\/uploads\/sites\/2\/2020\/12\/Lampada-Da-Tavolo-Amp-OttoneBianco-Normann-Copenhagen-Simon-Legald.jpg\",\"width\":1074,\"height\":1411,\"caption\":\"Lampada Da Tavolo Amp Ottone|Bianco Normann Copenhagen Simon Legald\"},{\"@type\":\"BreadcrumbList\",\"@id\":\"https:\/\/socialdesignmagazine.com\/mag\/products-selection\/product\/lampada-da-tavolo-amp-ottonebianco-design-simon-legald-for-normann-copenhagen\/#breadcrumb\",\"itemListElement\":[{\"@type\":\"ListItem\",\"position\":1,\"name\":\"Home\",\"item\":\"https:\/\/socialdesignmagazine.com\/mag\/products-selection\/\"},{\"@type\":\"ListItem\",\"position\":2,\"name\":\"Tutti i prodotti\",\"item\":\"https:\/\/socialdesignmagazine.com\/mag\/products-selection\/tutti-i-prodotti\/\"},{\"@type\":\"ListItem\",\"position\":3,\"name\":\"Lampada Da Tavolo Amp Ottone|Bianco design Simon Legald for Normann Copenhagen\"}]},{\"@type\":\"WebSite\",\"@id\":\"https:\/\/socialdesignmagazine.com\/mag\/products-selection\/#website\",\"url\":\"https:\/\/socialdesignmagazine.com\/mag\/products-selection\/\",\"name\":\"SDM Product Selection\",\"description\":\"Una selezioni di prodotti dei brand pi\u00f9 interessanti per arredare e progettare\",\"publisher\":{\"@id\":\"https:\/\/socialdesignmagazine.com\/mag\/products-selection\/#organization\"},\"potentialAction\":[{\"@type\":\"SearchAction\",\"target\":{\"@type\":\"EntryPoint\",\"urlTemplate\":\"https:\/\/socialdesignmagazine.com\/mag\/products-selection\/?s={search_term_string}\"},\"query-input\":{\"@type\":\"PropertyValueSpecification\",\"valueRequired\":true,\"valueName\":\"search_term_string\"}}],\"inLanguage\":\"it-IT\"},{\"@type\":\"Organization\",\"@id\":\"https:\/\/socialdesignmagazine.com\/mag\/products-selection\/#organization\",\"name\":\"Social Design Magazine\",\"url\":\"https:\/\/socialdesignmagazine.com\/mag\/products-selection\/\",\"logo\":{\"@type\":\"ImageObject\",\"inLanguage\":\"it-IT\",\"@id\":\"https:\/\/socialdesignmagazine.com\/mag\/products-selection\/#\/schema\/logo\/image\/\",\"url\":\"https:\/\/socialdesignmagazine.com\/mag\/products-selection\/wp-content\/uploads\/sites\/2\/2015\/05\/social-design-magazine-logo.png\",\"contentUrl\":\"https:\/\/socialdesignmagazine.com\/mag\/products-selection\/wp-content\/uploads\/sites\/2\/2015\/05\/social-design-magazine-logo.png\",\"width\":251,\"height\":101,\"caption\":\"Social Design Magazine\"},\"image\":{\"@id\":\"https:\/\/socialdesignmagazine.com\/mag\/products-selection\/#\/schema\/logo\/image\/\"},\"sameAs\":[\"https:\/\/www.facebook.com\/socialdesignmag\",\"https:\/\/x.com\/socialdesignmag\",\"http:\/\/instagram.com\/social_design_magazine\/\",\"http:\/\/pinterest.com\/socialdesignmag\/\",\"http:\/\/www.youtube.com\/user\/socialdesignmagazine\"]}]}<\/script>\n<!-- \/ Yoast SEO plugin. -->","yoast_head_json":{"title":"Lampada Da Tavolo Amp Ottone|Bianco design Simon Legald for Normann Copenhagen - SDM Product Selection","description":"La lampada da tavolo Amp propone una bella associazione di materiali nobili. Si compone di un fine paralume in vetro colorato incastrato su di una base in ottone.","robots":{"index":"index","follow":"follow","max-snippet":"max-snippet:-1","max-image-preview":"max-image-preview:large","max-video-preview":"max-video-preview:-1"},"canonical":"https:\/\/socialdesignmagazine.com\/mag\/products-selection\/product\/lampada-da-tavolo-amp-ottonebianco-design-simon-legald-for-normann-copenhagen\/","og_locale":"it_IT","og_type":"article","og_title":"Lampada Da Tavolo Amp Ottone|Bianco design Simon Legald for Normann Copenhagen - SDM Product Selection","og_description":"La lampada da tavolo Amp propone una bella associazione di materiali nobili. Si compone di un fine paralume in vetro colorato incastrato su di una base in ottone.","og_url":"https:\/\/socialdesignmagazine.com\/mag\/products-selection\/product\/lampada-da-tavolo-amp-ottonebianco-design-simon-legald-for-normann-copenhagen\/","og_site_name":"SDM Product Selection","article_publisher":"https:\/\/www.facebook.com\/socialdesignmag","article_modified_time":"2020-12-08T18:18:47+00:00","og_image":[{"width":1074,"height":1411,"url":"https:\/\/socialdesignmagazine.com\/mag\/products-selection\/wp-content\/uploads\/sites\/2\/2020\/12\/Lampada-Da-Tavolo-Amp-OttoneBianco-Normann-Copenhagen-Simon-Legald.jpg","type":"image\/jpeg"}],"twitter_card":"summary_large_image","twitter_site":"@socialdesignmag","twitter_misc":{"Tempo di lettura stimato":"1 minuto"},"schema":{"@context":"https:\/\/schema.org","@graph":[{"@type":"WebPage","@id":"https:\/\/socialdesignmagazine.com\/mag\/products-selection\/product\/lampada-da-tavolo-amp-ottonebianco-design-simon-legald-for-normann-copenhagen\/","url":"https:\/\/socialdesignmagazine.com\/mag\/products-selection\/product\/lampada-da-tavolo-amp-ottonebianco-design-simon-legald-for-normann-copenhagen\/","name":"Lampada Da Tavolo Amp Ottone|Bianco design Simon Legald for Normann Copenhagen - SDM Product Selection","isPartOf":{"@id":"https:\/\/socialdesignmagazine.com\/mag\/products-selection\/#website"},"primaryImageOfPage":{"@id":"https:\/\/socialdesignmagazine.com\/mag\/products-selection\/product\/lampada-da-tavolo-amp-ottonebianco-design-simon-legald-for-normann-copenhagen\/#primaryimage"},"image":{"@id":"https:\/\/socialdesignmagazine.com\/mag\/products-selection\/product\/lampada-da-tavolo-amp-ottonebianco-design-simon-legald-for-normann-copenhagen\/#primaryimage"},"thumbnailUrl":"https:\/\/socialdesignmagazine.com\/mag\/products-selection\/wp-content\/uploads\/sites\/2\/2020\/12\/Lampada-Da-Tavolo-Amp-OttoneBianco-Normann-Copenhagen-Simon-Legald.jpg","datePublished":"2020-05-20T14:01:27+00:00","dateModified":"2020-12-08T18:18:47+00:00","description":"La lampada da tavolo Amp propone una bella associazione di materiali nobili. Si compone di un fine paralume in vetro colorato incastrato su di una base in ottone.","breadcrumb":{"@id":"https:\/\/socialdesignmagazine.com\/mag\/products-selection\/product\/lampada-da-tavolo-amp-ottonebianco-design-simon-legald-for-normann-copenhagen\/#breadcrumb"},"inLanguage":"it-IT","potentialAction":[{"@type":"ReadAction","target":["https:\/\/socialdesignmagazine.com\/mag\/products-selection\/product\/lampada-da-tavolo-amp-ottonebianco-design-simon-legald-for-normann-copenhagen\/"]}]},{"@type":"ImageObject","inLanguage":"it-IT","@id":"https:\/\/socialdesignmagazine.com\/mag\/products-selection\/product\/lampada-da-tavolo-amp-ottonebianco-design-simon-legald-for-normann-copenhagen\/#primaryimage","url":"https:\/\/socialdesignmagazine.com\/mag\/products-selection\/wp-content\/uploads\/sites\/2\/2020\/12\/Lampada-Da-Tavolo-Amp-OttoneBianco-Normann-Copenhagen-Simon-Legald.jpg","contentUrl":"https:\/\/socialdesignmagazine.com\/mag\/products-selection\/wp-content\/uploads\/sites\/2\/2020\/12\/Lampada-Da-Tavolo-Amp-OttoneBianco-Normann-Copenhagen-Simon-Legald.jpg","width":1074,"height":1411,"caption":"Lampada Da Tavolo Amp Ottone|Bianco Normann Copenhagen Simon Legald"},{"@type":"BreadcrumbList","@id":"https:\/\/socialdesignmagazine.com\/mag\/products-selection\/product\/lampada-da-tavolo-amp-ottonebianco-design-simon-legald-for-normann-copenhagen\/#breadcrumb","itemListElement":[{"@type":"ListItem","position":1,"name":"Home","item":"https:\/\/socialdesignmagazine.com\/mag\/products-selection\/"},{"@type":"ListItem","position":2,"name":"Tutti i prodotti","item":"https:\/\/socialdesignmagazine.com\/mag\/products-selection\/tutti-i-prodotti\/"},{"@type":"ListItem","position":3,"name":"Lampada Da Tavolo Amp Ottone|Bianco design Simon Legald for Normann Copenhagen"}]},{"@type":"WebSite","@id":"https:\/\/socialdesignmagazine.com\/mag\/products-selection\/#website","url":"https:\/\/socialdesignmagazine.com\/mag\/products-selection\/","name":"SDM Product Selection","description":"Una selezioni di prodotti dei brand pi\u00f9 interessanti per arredare e progettare","publisher":{"@id":"https:\/\/socialdesignmagazine.com\/mag\/products-selection\/#organization"},"potentialAction":[{"@type":"SearchAction","target":{"@type":"EntryPoint","urlTemplate":"https:\/\/socialdesignmagazine.com\/mag\/products-selection\/?s={search_term_string}"},"query-input":{"@type":"PropertyValueSpecification","valueRequired":true,"valueName":"search_term_string"}}],"inLanguage":"it-IT"},{"@type":"Organization","@id":"https:\/\/socialdesignmagazine.com\/mag\/products-selection\/#organization","name":"Social Design Magazine","url":"https:\/\/socialdesignmagazine.com\/mag\/products-selection\/","logo":{"@type":"ImageObject","inLanguage":"it-IT","@id":"https:\/\/socialdesignmagazine.com\/mag\/products-selection\/#\/schema\/logo\/image\/","url":"https:\/\/socialdesignmagazine.com\/mag\/products-selection\/wp-content\/uploads\/sites\/2\/2015\/05\/social-design-magazine-logo.png","contentUrl":"https:\/\/socialdesignmagazine.com\/mag\/products-selection\/wp-content\/uploads\/sites\/2\/2015\/05\/social-design-magazine-logo.png","width":251,"height":101,"caption":"Social Design Magazine"},"image":{"@id":"https:\/\/socialdesignmagazine.com\/mag\/products-selection\/#\/schema\/logo\/image\/"},"sameAs":["https:\/\/www.facebook.com\/socialdesignmag","https:\/\/x.com\/socialdesignmag","http:\/\/instagram.com\/social_design_magazine\/","http:\/\/pinterest.com\/socialdesignmag\/","http:\/\/www.youtube.com\/user\/socialdesignmagazine"]}]}},"jetpack_publicize_connections":[],"jetpack_sharing_enabled":true,"brands":[{"id":1606,"name":"Normann Copenhagen","slug":"normann-copenhagen"}],"_links":{"self":[{"href":"https:\/\/socialdesignmagazine.com\/mag\/products-selection\/wp-json\/wp\/v2\/product\/95159","targetHints":{"allow":["GET"]}}],"collection":[{"href":"https:\/\/socialdesignmagazine.com\/mag\/products-selection\/wp-json\/wp\/v2\/product"}],"about":[{"href":"https:\/\/socialdesignmagazine.com\/mag\/products-selection\/wp-json\/wp\/v2\/types\/product"}],"wp:featuredmedia":[{"embeddable":true,"href":"https:\/\/socialdesignmagazine.com\/mag\/products-selection\/wp-json\/wp\/v2\/media\/138816"}],"wp:attachment":[{"href":"https:\/\/socialdesignmagazine.com\/mag\/products-selection\/wp-json\/wp\/v2\/media?parent=95159"}],"wp:term":[{"taxonomy":"pwb-brand","embeddable":true,"href":"https:\/\/socialdesignmagazine.com\/mag\/products-selection\/wp-json\/wp\/v2\/pwb-brand?post=95159"},{"taxonomy":"product_brand","embeddable":true,"href":"https:\/\/socialdesignmagazine.com\/mag\/products-selection\/wp-json\/wp\/v2\/product_brand?post=95159"},{"taxonomy":"product_cat","embeddable":true,"href":"https:\/\/socialdesignmagazine.com\/mag\/products-selection\/wp-json\/wp\/v2\/product_cat?post=95159"},{"taxonomy":"product_tag","embeddable":true,"href":"https:\/\/socialdesignmagazine.com\/mag\/products-selection\/wp-json\/wp\/v2\/product_tag?post=95159"}],"curies":[{"name":"wp","href":"https:\/\/api.w.org\/{rel}","templated":true}]}}