{"id":22150,"date":"2015-05-30T00:20:29","date_gmt":"2015-05-29T22:20:29","guid":{"rendered":"https:\/\/socialdesignmagazine.com\/mag\/?page_id=22150"},"modified":"2021-08-15T17:30:52","modified_gmt":"2021-08-15T15:30:52","slug":"cookies-policy","status":"publish","type":"page","link":"https:\/\/socialdesignmagazine.com\/mag\/cookies-policy\/","title":{"rendered":"Cookies Policy"},"content":{"rendered":"<div>Sul sito <strong>socialdesignmagazine.com<\/strong> (di seguito, il \u201cSito\u201d), usiamo tecnologie per raccogliere informazioni utili a migliorare la tua esperienza online.<br \/>\nLa presente policy si riferisce a queste tecnologie &#8211; che includono cookie, pixel, web beacon e gifs (di seguito, collettivamente, \u201ccookie\u201d) &#8211; ed ha lo scopo di farti comprendere, con esattezza, l\u2019utilizzo che noi facciamo dei cookie e come poterli eventualmente disabilitare.<\/div>\n<div><\/div>\n<div>Ci riserviamo di modificare questa policy in qualsiasi momento. Verifica quindi, in fondo al documento, la \u201cDATA DI ULTIMA REVISIONE\u201d per verificare a quando risale l\u2019ultimo aggiornamento. Qualunque cambiamento nella presente policy avr\u00e0 effetto dalla data di pubblicazione sul Sito.<\/div>\n<div><\/div>\n<div><strong>1. Cosa \u00e8 un cookie?<\/strong> I cookie sono piccoli file di testo che sono archiviati sul tuo computer (o dispositivo mobile). Sono largamente utilizzati per far funzionare i siti o farli funzionare meglio ed in maniera pi\u00f9 efficiente. Sono in grado di farlo poich\u00e9 i siti internet possono leggere e scrivere su questi file, abilitarli a riconoscerti e a ricordare informazioni importanti che possono consentirti un uso del Sito pi\u00f9 comodo e agevole.<\/div>\n<div><\/div>\n<div><strong>2. Quali cookie usiamo?<\/strong> Di seguito elenchiamo le differenti tipologie di cookie che usiamo sul Sito.<\/div>\n<div><\/div>\n<div>\n<p><strong>2.1 Cookie essenziali<\/strong><\/p>\n<p>Questi cookie sono essenziali per consentirti di navigare nel Sito e utilizzare tutte le funzionalit\u00e0. Senza questi cookie, che sono assolutamente necessari, non saremmo in grado di fornirti alcuni servizi o funzioni e la navigazione sul Sito non sarebbe agevole e facile come dovrebbe essere.<\/p>\n<p><strong>2.2 Performance cookie<\/strong><\/p>\n<p>I performance cookie, che talvolta sono chiamati anche analytics cookie, raccolgono informazioni circa l\u2019utilizzo che fai del Sito e ci consentono di migliorarne il funzionamento. Ad esempio i performance cookie ci mostrano quali sono le pagine pi\u00f9 frequentemente visitate, ci consentono di verificare quali sono gli schemi ricorrenti d\u2019utilizzo del Sito, e ci aiutano a comprendere ogni difficolt\u00e0 che incontri nell\u2019utilizzo del Sito.<\/p>\n<p><strong>2.3 Functionality cookie<\/strong><\/p>\n<p>In alcune circostanze potremmo usare Functionality cookie. I Functionality cookie ci consentono di ricordare le scelte che fai sul Sito e\/o i servizi che espressamente richiedi, allo scopo di fornirti servizi pi\u00f9 avanzati e pi\u00f9 personalizzati, come ad esempio personalizzare una certa pagina o ricordarci se ti abbiamo chiesto di partecipare ad una promozione.<\/p>\n<p><strong>2.4 Targeting o Advertising Cookies<\/strong><\/p>\n<p>Noi e i nostri fornitori di servizi potremmo usare Targeting o Advertising Cookies per pubblicare pubblicit\u00e0 che crediamo possa essere interessante per te. Ad esempio possiamo usare questa tipologia di cookie per limitare il numero di volte che tu guardi una pubblicit\u00e0 sul nostro sito e aiutarci a misurare l\u2019efficacia delle nostre campagne pubblicitarie. Questi cookie ricordano cosa hai visto sul sito. Possiamo condividere queste informazioni con altri soggetti, ad esempio, gli inserzionisti pubblicitari.<\/p>\n<p>Per maggiori informazioni in merito ai Targeting e Advertising cookies e su come tu possa disabilitarli, puoi visitare i seguenti siti:\u00a0<a href=\"http:\/\/www.youronlinechoices.com\/uk\/your-ad-choices\" target=\"_blank\" rel=\"nofollow\">http:\/\/www.youronlinechoices.<wbr \/>com\/uk\/your-ad-choices<\/a>\u00a0e\u00a0<a href=\"http:\/\/www.allaboutcookies.org\/manage-cookies\/index.html\" target=\"_blank\" rel=\"nofollow\">http:\/\/www.allaboutcookies.<wbr \/>org\/manage-cookies\/index.html<\/a>.<\/p>\n<p><strong>3. Come terze parti usano i cookie su questo sito?<\/strong><\/p>\n<p>In alcuni casi possiamo lavorare con terze parti per fornire servizi sul Sito. Inserzionisti pubblicitari e altri soggetti potrebbero usare i loro cookie per raccogliere informazioni sulle tue attivit\u00e0 che compi sul Sito e\/o sugli annunci pubblicitari sui quali hai cliccato.<\/p>\n<p>Queste informazioni potrebbero essere da loro utilizzate per proporti pubblicit\u00e0 che credono possa essere per te pi\u00f9 interessante poich\u00e9 basta sui contenuti che hai visto. Gli inserzionisti potrebbero usare queste informazioni anche per misurare l\u2019efficacia della loro pubblicit\u00e0.<\/p>\n<p>Noi non controlliamo questi cookie. Per disabilitare o rifiutare cookie di terze parti devi quindi fare riferimento ai siti internet delle terze parti.<\/p>\n<p><strong>4. Come controllo i cookie?<\/strong><\/p>\n<p>Puoi rifiutare di accettare i cookie da questo Sito in ogni momento semplicemente selezionando, su tuo browser, le impostanti che consentono di rifiutarli. Ulteriori informazioni in merito alle procedure da seguire per disabilitare i cookie possono essere trovate sul sito internet del fornitore del tuo browser o attraverso gli strumenti di \u201chelp\u201d disponibili nella guida del browser.<\/p>\n<p>Puoi fare riferimento a questa pagina\u00a0<a href=\"http:\/\/www.allaboutcookies.org\/managecookies\/index.html\" target=\"_blank\" rel=\"nofollow\">http:\/\/www.allaboutcookies.<wbr \/>org\/managecookies\/index.html<\/a>\u00a0per informazioni sui browser pi\u00f9 comunemente utilizzati. Ricordati che, se disabiliti i cookie, non tutte le funzioni del Sito potrebbero essere disponibili.<\/p>\n[user_consent_state]\n<\/div>\n[cookie_audit columns=&#8221;cookie,description&#8221; heading=&#8221;<strong>L&#8217;elenco seguente descrive in dettaglio i cookie utilizzati nel nostro sito Web<\/strong>&#8220;]\n<div><\/div>\n<div dir=\"ltr\">Data ultima revisione: 10.08.2021<\/div>\n","protected":false},"excerpt":{"rendered":"<p>Sul sito socialdesignmagazine.com (di seguito, il \u201cSito\u201d), usiamo tecnologie per raccogliere informazioni utili a migliorare la tua esperienza online. La presente policy si riferisce a queste tecnologie &#8211; che includono<\/p>\n","protected":false},"author":1,"featured_media":0,"parent":0,"menu_order":0,"comment_status":"open","ping_status":"open","template":"","meta":{"jetpack_post_was_ever_published":false,"footnotes":""},"class_list":["post-22150","page","type-page","status-publish","hentry"],"yoast_head":"<!-- This site is optimized with the Yoast SEO plugin v27.2 - https:\/\/yoast.com\/product\/yoast-seo-wordpress\/ -->\n<title>Cookies Policy - Social Design Magazine<\/title>\n<meta name=\"robots\" content=\"index, follow, max-snippet:-1, max-image-preview:large, max-video-preview:-1\" \/>\n<link rel=\"canonical\" href=\"https:\/\/socialdesignmagazine.com\/mag\/cookies-policy\/\" \/>\n<meta property=\"og:locale\" content=\"it_IT\" \/>\n<meta property=\"og:type\" content=\"article\" \/>\n<meta property=\"og:title\" content=\"Cookies Policy - Social Design Magazine\" \/>\n<meta property=\"og:description\" content=\"Sul sito socialdesignmagazine.com (di seguito, il \u201cSito\u201d), usiamo tecnologie per raccogliere informazioni utili a migliorare la tua esperienza online. La presente policy si riferisce a queste tecnologie &#8211; che includono\" \/>\n<meta property=\"og:url\" content=\"http:\/\/socialdesignmagazine.com\/mag\/cookies-policy\/\" \/>\n<meta property=\"og:site_name\" content=\"Social Design Magazine\" \/>\n<meta property=\"article:publisher\" content=\"https:\/\/www.facebook.com\/socialdesignmag\" \/>\n<meta property=\"article:modified_time\" content=\"2021-08-15T15:30:52+00:00\" \/>\n<meta property=\"og:image\" content=\"https:\/\/socialdesignmagazine.com\/mag\/wp-content\/uploads\/2017\/01\/logo_favicon_11.png\" \/>\n\t<meta property=\"og:image:width\" content=\"1024\" \/>\n\t<meta property=\"og:image:height\" content=\"1024\" \/>\n\t<meta property=\"og:image:type\" content=\"image\/png\" \/>\n<meta name=\"twitter:card\" content=\"summary_large_image\" \/>\n<meta name=\"twitter:site\" content=\"@socialdesignmag\" \/>\n<meta name=\"twitter:label1\" content=\"Tempo di lettura stimato\" \/>\n\t<meta name=\"twitter:data1\" content=\"4 minuti\" \/>\n<script type=\"application\/ld+json\" class=\"yoast-schema-graph\">{\"@context\":\"https:\/\/schema.org\",\"@graph\":[{\"@type\":\"WebPage\",\"@id\":\"https:\/\/socialdesignmagazine.com\/mag\/cookies-policy\/\",\"url\":\"https:\/\/socialdesignmagazine.com\/mag\/cookies-policy\/\",\"name\":\"Cookies Policy - Social Design Magazine\",\"isPartOf\":{\"@id\":\"https:\/\/socialdesignmagazine.com\/mag\/#website\"},\"datePublished\":\"2015-05-29T22:20:29+00:00\",\"dateModified\":\"2021-08-15T15:30:52+00:00\",\"breadcrumb\":{\"@id\":\"https:\/\/socialdesignmagazine.com\/mag\/cookies-policy\/#breadcrumb\"},\"inLanguage\":\"it-IT\",\"potentialAction\":[{\"@type\":\"ReadAction\",\"target\":[\"https:\/\/socialdesignmagazine.com\/mag\/cookies-policy\/\"]}]},{\"@type\":\"BreadcrumbList\",\"@id\":\"https:\/\/socialdesignmagazine.com\/mag\/cookies-policy\/#breadcrumb\",\"itemListElement\":[{\"@type\":\"ListItem\",\"position\":1,\"name\":\"Home\",\"item\":\"https:\/\/socialdesignmagazine.com\/mag\/\"},{\"@type\":\"ListItem\",\"position\":2,\"name\":\"Cookies Policy\"}]},{\"@type\":\"WebSite\",\"@id\":\"https:\/\/socialdesignmagazine.com\/mag\/#website\",\"url\":\"https:\/\/socialdesignmagazine.com\/mag\/\",\"name\":\"Social Design Magazine\",\"description\":\"Social Magazine su Design, Architettura, Arte, Grafica\",\"publisher\":{\"@id\":\"https:\/\/socialdesignmagazine.com\/mag\/#organization\"},\"potentialAction\":[{\"@type\":\"SearchAction\",\"target\":{\"@type\":\"EntryPoint\",\"urlTemplate\":\"https:\/\/socialdesignmagazine.com\/mag\/?s={search_term_string}\"},\"query-input\":{\"@type\":\"PropertyValueSpecification\",\"valueRequired\":true,\"valueName\":\"search_term_string\"}}],\"inLanguage\":\"it-IT\"},{\"@type\":\"Organization\",\"@id\":\"https:\/\/socialdesignmagazine.com\/mag\/#organization\",\"name\":\"Social Design Magazine\",\"url\":\"https:\/\/socialdesignmagazine.com\/mag\/\",\"logo\":{\"@type\":\"ImageObject\",\"inLanguage\":\"it-IT\",\"@id\":\"https:\/\/socialdesignmagazine.com\/mag\/#\/schema\/logo\/image\/\",\"url\":\"https:\/\/socialdesignmagazine.com\/mag\/wp-content\/uploads\/2017\/01\/logo_favicon_11.png\",\"contentUrl\":\"https:\/\/socialdesignmagazine.com\/mag\/wp-content\/uploads\/2017\/01\/logo_favicon_11.png\",\"width\":1024,\"height\":1024,\"caption\":\"Social Design Magazine\"},\"image\":{\"@id\":\"https:\/\/socialdesignmagazine.com\/mag\/#\/schema\/logo\/image\/\"},\"sameAs\":[\"https:\/\/www.facebook.com\/socialdesignmag\",\"https:\/\/x.com\/socialdesignmag\",\"http:\/\/instagram.com\/social_design_magazine\/\",\"http:\/\/pinterest.com\/socialdesignmag\/\",\"http:\/\/www.youtube.com\/user\/socialdesignmagazine\"]}]}<\/script>\n<!-- \/ Yoast SEO plugin. -->","yoast_head_json":{"title":"Cookies Policy - Social Design Magazine","robots":{"index":"index","follow":"follow","max-snippet":"max-snippet:-1","max-image-preview":"max-image-preview:large","max-video-preview":"max-video-preview:-1"},"canonical":"https:\/\/socialdesignmagazine.com\/mag\/cookies-policy\/","og_locale":"it_IT","og_type":"article","og_title":"Cookies Policy - Social Design Magazine","og_description":"Sul sito socialdesignmagazine.com (di seguito, il \u201cSito\u201d), usiamo tecnologie per raccogliere informazioni utili a migliorare la tua esperienza online. La presente policy si riferisce a queste tecnologie &#8211; che includono","og_url":"http:\/\/socialdesignmagazine.com\/mag\/cookies-policy\/","og_site_name":"Social Design Magazine","article_publisher":"https:\/\/www.facebook.com\/socialdesignmag","article_modified_time":"2021-08-15T15:30:52+00:00","og_image":[{"width":1024,"height":1024,"url":"https:\/\/socialdesignmagazine.com\/mag\/wp-content\/uploads\/2017\/01\/logo_favicon_11.png","type":"image\/png"}],"twitter_card":"summary_large_image","twitter_site":"@socialdesignmag","twitter_misc":{"Tempo di lettura stimato":"4 minuti"},"schema":{"@context":"https:\/\/schema.org","@graph":[{"@type":"WebPage","@id":"https:\/\/socialdesignmagazine.com\/mag\/cookies-policy\/","url":"https:\/\/socialdesignmagazine.com\/mag\/cookies-policy\/","name":"Cookies Policy - Social Design Magazine","isPartOf":{"@id":"https:\/\/socialdesignmagazine.com\/mag\/#website"},"datePublished":"2015-05-29T22:20:29+00:00","dateModified":"2021-08-15T15:30:52+00:00","breadcrumb":{"@id":"https:\/\/socialdesignmagazine.com\/mag\/cookies-policy\/#breadcrumb"},"inLanguage":"it-IT","potentialAction":[{"@type":"ReadAction","target":["https:\/\/socialdesignmagazine.com\/mag\/cookies-policy\/"]}]},{"@type":"BreadcrumbList","@id":"https:\/\/socialdesignmagazine.com\/mag\/cookies-policy\/#breadcrumb","itemListElement":[{"@type":"ListItem","position":1,"name":"Home","item":"https:\/\/socialdesignmagazine.com\/mag\/"},{"@type":"ListItem","position":2,"name":"Cookies Policy"}]},{"@type":"WebSite","@id":"https:\/\/socialdesignmagazine.com\/mag\/#website","url":"https:\/\/socialdesignmagazine.com\/mag\/","name":"Social Design Magazine","description":"Social Magazine su Design, Architettura, Arte, Grafica","publisher":{"@id":"https:\/\/socialdesignmagazine.com\/mag\/#organization"},"potentialAction":[{"@type":"SearchAction","target":{"@type":"EntryPoint","urlTemplate":"https:\/\/socialdesignmagazine.com\/mag\/?s={search_term_string}"},"query-input":{"@type":"PropertyValueSpecification","valueRequired":true,"valueName":"search_term_string"}}],"inLanguage":"it-IT"},{"@type":"Organization","@id":"https:\/\/socialdesignmagazine.com\/mag\/#organization","name":"Social Design Magazine","url":"https:\/\/socialdesignmagazine.com\/mag\/","logo":{"@type":"ImageObject","inLanguage":"it-IT","@id":"https:\/\/socialdesignmagazine.com\/mag\/#\/schema\/logo\/image\/","url":"https:\/\/socialdesignmagazine.com\/mag\/wp-content\/uploads\/2017\/01\/logo_favicon_11.png","contentUrl":"https:\/\/socialdesignmagazine.com\/mag\/wp-content\/uploads\/2017\/01\/logo_favicon_11.png","width":1024,"height":1024,"caption":"Social Design Magazine"},"image":{"@id":"https:\/\/socialdesignmagazine.com\/mag\/#\/schema\/logo\/image\/"},"sameAs":["https:\/\/www.facebook.com\/socialdesignmag","https:\/\/x.com\/socialdesignmag","http:\/\/instagram.com\/social_design_magazine\/","http:\/\/pinterest.com\/socialdesignmag\/","http:\/\/www.youtube.com\/user\/socialdesignmagazine"]}]}},"jetpack_sharing_enabled":true,"jetpack_shortlink":"https:\/\/wp.me\/P6cV7V-5Lg","_links":{"self":[{"href":"https:\/\/socialdesignmagazine.com\/mag\/wp-json\/wp\/v2\/pages\/22150","targetHints":{"allow":["GET"]}}],"collection":[{"href":"https:\/\/socialdesignmagazine.com\/mag\/wp-json\/wp\/v2\/pages"}],"about":[{"href":"https:\/\/socialdesignmagazine.com\/mag\/wp-json\/wp\/v2\/types\/page"}],"author":[{"embeddable":true,"href":"https:\/\/socialdesignmagazine.com\/mag\/wp-json\/wp\/v2\/users\/1"}],"replies":[{"embeddable":true,"href":"https:\/\/socialdesignmagazine.com\/mag\/wp-json\/wp\/v2\/comments?post=22150"}],"version-history":[{"count":7,"href":"https:\/\/socialdesignmagazine.com\/mag\/wp-json\/wp\/v2\/pages\/22150\/revisions"}],"predecessor-version":[{"id":43203,"href":"https:\/\/socialdesignmagazine.com\/mag\/wp-json\/wp\/v2\/pages\/22150\/revisions\/43203"}],"wp:attachment":[{"href":"https:\/\/socialdesignmagazine.com\/mag\/wp-json\/wp\/v2\/media?parent=22150"}],"curies":[{"name":"wp","href":"https:\/\/api.w.org\/{rel}","templated":true}]}}